{"id":916,"date":"2018-08-29T22:24:52","date_gmt":"2018-08-30T01:24:52","guid":{"rendered":"https:\/\/isfd86-bue.infd.edu.ar\/sitio\/historia\/"},"modified":"2019-06-19T15:07:10","modified_gmt":"2019-06-19T18:07:10","slug":"historia","status":"publish","type":"page","link":"https:\/\/isfd86-bue.infd.edu.ar\/sitio\/historia\/","title":{"rendered":"Historia"},"content":{"rendered":"<h1 style=\"text-align: center;\"><span style=\"font-size: 12pt;\"> NUESTRA HISTORIA<\/span><\/h1>\n<h2 style=\"text-align: center;\">ISFDN\u00ba 86 \u00abCque. VALENT\u00cdN SAYHUEQUE\u00bb<span class=\"_4_mg\">\u00b7\u00a0<\/span><\/h2>\n<p><img decoding=\"async\" src=\"https:\/\/scontent.fbhi1-1.fna.fbcdn.net\/v\/t1.0-9\/30623667_2522356414443749_6329083877767774208_n.jpg?_nc_cat=109&amp;_nc_oc=AQnRtTEdvWbmzIpj-8QWJ-i8p5RNIhJ_2Pz_2XA6Xt6wPdEb8FQbVZhkDAwQOn9ZSe4&amp;_nc_ht=scontent.fbhi1-1.fna&amp;oh=ef89b56f2e8e7da6a9f3f0b2df1c7315&amp;oe=5D881A59\" alt=\"No hay descripci\u00c3\u00b3n de la foto disponible.\" \/><\/p>\n<div class=\"_39k2\">\n<div id=\"js_qa\" class=\"_4lmk _2vxa autofocus _5s6c _5f0v\" tabindex=\"-1\">El Instituto Superior de Formaci\u00f3n Docente N\u00b0 86 \u00abCacique Valent\u00edn Sayhueque\u00bb presenta como signo particular el haber sido creado muchos a\u00f1os despu\u00e9s que comenzara a funcionar la carrera de Profesorado en Educaci\u00f3n F\u00edsica en la ciudad de Bah\u00eda Blanca, ya que inicialmente dicha carrera fue una de las implementadas por el ISFD N\u00b03 \u00abJulio C\u00e9sar Avanza\u00bb, en respuesta a las Resoluciones N\u00b0 416\/79 y la 651\/79 que marcaban \u00abla decisi\u00f3n de implementar en diversos establecimientos la especialidad Profesorado de Educaci\u00f3n F\u00edsica\u00bb.<\/div>\n<\/div>\n<div class=\"_39k5 _5s6c\">\n<div>\n<p class=\"_2cuy _3dgx _2vxa\">En esa \u00e9poca, y respondiendo a la pol\u00edtica educativa del momento, se establec\u00eda que la labor docente que exige la especialidad \u00abhabr\u00e1 de realizarse en la infraestructura existente en las diferentes regiones\u00bb. Este fue el planteo inicial donde comenz\u00f3 a gestarse la inquietud de contar con una identidad y un espacio propio para su dictado, por sentir los distintos actores institucionales que esta situaci\u00f3n no respond\u00eda plenamente al esp\u00edritu e idiosincrasia propia del Profesorado de Educaci\u00f3n F\u00edsica.<\/p>\n<p>Luego de varios a\u00f1os, por la Resoluci\u00f3n N\u00b0 17947, de noviembre de 1989, se crea el Instituto Superior de Formaci\u00f3n Docente N\u00b0 86 sobre la base de la carrera ya existente, determinando su funcionamiento en las dependencias del Instituto Superior de Formaci\u00f3n Docente N\u00b0 3, Vieytes 51 de nuestra ciudad.<\/p>\n<p>Contribuyen a afianzar la identidad de la instituci\u00f3n la imposici\u00f3n del nombre \u00abCacique Valent\u00edn Sayhueque\u00bb, rindi\u00e9ndose tributo a las aut\u00e9nticas ra\u00edces del ser argentino, a su raza y a sus tradiciones; y \u00abAlberto Mario Serrano\u00bb, honorable ciudadano bahiense, destacado en leyes y deportista amante de la naturaleza, a la biblioteca.<\/p>\n<p class=\"_2cuy _3dgx _2vxa\">En el a\u00f1o 2017 y luego de intensas gestiones, el Instituto logra tener su edificio propio sitio en calle Agust\u00edn de Arrieta 1255.<\/p>\n<p>&nbsp;<\/p>\n<\/div>\n<\/div>\n","protected":false},"excerpt":{"rendered":"<p>NUESTRA HISTORIA ISFDN\u00ba 86 \u00abCque. VALENT\u00cdN SAYHUEQUE\u00bb\u00b7\u00a0 El Instituto Superior de Formaci\u00f3n Docente N\u00b0 86 \u00abCacique Valent\u00edn Sayhueque\u00bb presenta como signo particular el haber sido creado muchos a\u00f1os despu\u00e9s que comenzara a funcionar la carrera de Profesorado en Educaci\u00f3n F\u00edsica en la ciudad de Bah\u00eda Blanca, ya que inicialmente dicha carrera fue una de las &#8230; <a title=\"Historia\" class=\"read-more\" href=\"https:\/\/isfd86-bue.infd.edu.ar\/sitio\/historia\/\" aria-label=\"More on Historia\">[+]<\/a><\/p>\n","protected":false},"author":29,"featured_media":0,"parent":0,"menu_order":0,"comment_status":"closed","ping_status":"closed","template":"","meta":[],"acf":[],"_links":{"self":[{"href":"https:\/\/isfd86-bue.infd.edu.ar\/sitio\/wp-json\/wp\/v2\/pages\/916"}],"collection":[{"href":"https:\/\/isfd86-bue.infd.edu.ar\/sitio\/wp-json\/wp\/v2\/pages"}],"about":[{"href":"https:\/\/isfd86-bue.infd.edu.ar\/sitio\/wp-json\/wp\/v2\/types\/page"}],"author":[{"embeddable":true,"href":"https:\/\/isfd86-bue.infd.edu.ar\/sitio\/wp-json\/wp\/v2\/users\/29"}],"replies":[{"embeddable":true,"href":"https:\/\/isfd86-bue.infd.edu.ar\/sitio\/wp-json\/wp\/v2\/comments?post=916"}],"version-history":[{"count":2,"href":"https:\/\/isfd86-bue.infd.edu.ar\/sitio\/wp-json\/wp\/v2\/pages\/916\/revisions"}],"predecessor-version":[{"id":1054,"href":"https:\/\/isfd86-bue.infd.edu.ar\/sitio\/wp-json\/wp\/v2\/pages\/916\/revisions\/1054"}],"wp:attachment":[{"href":"https:\/\/isfd86-bue.infd.edu.ar\/sitio\/wp-json\/wp\/v2\/media?parent=916"}],"curies":[{"name":"wp","href":"https:\/\/api.w.org\/{rel}","templated":true}]}}