{"id":888,"date":"2018-08-29T22:24:42","date_gmt":"2018-08-30T01:24:42","guid":{"rendered":"https:\/\/isfd86-bue.infd.edu.ar\/sitio\/c-a-i\/"},"modified":"2024-10-22T08:16:42","modified_gmt":"2024-10-22T11:16:42","slug":"c-a-i","status":"publish","type":"page","link":"https:\/\/isfd86-bue.infd.edu.ar\/sitio\/c-a-i\/","title":{"rendered":"C.A.I."},"content":{"rendered":"<div class=\"wp-block-image is-style-default\">\n<figure class=\"aligncenter size-large is-resized\"><img decoding=\"async\" loading=\"lazy\" src=\"https:\/\/isfd86-bue.infd.edu.ar\/sitio\/wp-content\/uploads\/2022\/10\/Diapositiva2.jpg\" alt=\"\" class=\"wp-image-3258\" width=\"1020\" height=\"573\" srcset=\"https:\/\/isfd86-bue.infd.edu.ar\/sitio\/wp-content\/uploads\/2022\/10\/Diapositiva2.jpg 1280w, https:\/\/isfd86-bue.infd.edu.ar\/sitio\/wp-content\/uploads\/2022\/10\/Diapositiva2-1000x563.jpg 1000w, https:\/\/isfd86-bue.infd.edu.ar\/sitio\/wp-content\/uploads\/2022\/10\/Diapositiva2-768x432.jpg 768w\" sizes=\"(max-width: 1020px) 100vw, 1020px\" \/><\/figure><\/div>\n\n\n<p><strong>ACTA 24\/09\/2024<\/strong><\/p>\n\n\n<div class=\"wp-block-image\">\n<figure class=\"aligncenter size-full is-resized\"><img decoding=\"async\" loading=\"lazy\" src=\"https:\/\/isfd86-bue.infd.edu.ar\/sitio\/wp-content\/uploads\/2024\/06\/Captura-informacion-importante-26062024.jpg\" alt=\"\" class=\"wp-image-4315\" width=\"185\" height=\"152\"\/><\/figure><\/div>\n\n\n<div class=\"wp-block-file\"><object class=\"wp-block-file__embed\" data=\"https:\/\/isfd86-bue.infd.edu.ar\/sitio\/wp-content\/uploads\/2024\/10\/PDF-Scanner-211024-12.29.15.pdf\" type=\"application\/pdf\" style=\"width:100%;height:600px\" aria-label=\"Incrustado de PDF-Scanner-211024-12.29.15.\"><\/object><a id=\"wp-block-file--media-014046b0-1afc-4f6f-bc3c-2de7ae7ec28c\" href=\"https:\/\/isfd86-bue.infd.edu.ar\/sitio\/wp-content\/uploads\/2024\/10\/PDF-Scanner-211024-12.29.15.pdf\">PDF-Scanner-211024-12.29.15<\/a><a href=\"https:\/\/isfd86-bue.infd.edu.ar\/sitio\/wp-content\/uploads\/2024\/10\/PDF-Scanner-211024-12.29.15.pdf\" class=\"wp-block-file__button wp-element-button\" download aria-describedby=\"wp-block-file--media-014046b0-1afc-4f6f-bc3c-2de7ae7ec28c\">Descarga<\/a><\/div>\n\n\n\n<p><\/p>\n\n\n\n<p><strong>ACTA 13\/06\/2024<\/strong><\/p>\n\n\n\n<div class=\"wp-block-file\"><object class=\"wp-block-file__embed\" data=\"https:\/\/isfd86-bue.infd.edu.ar\/sitio\/wp-content\/uploads\/2024\/06\/cai.pdf\" type=\"application\/pdf\" style=\"width:100%;height:600px\" aria-label=\"Incrustado de cai.\"><\/object><a id=\"wp-block-file--media-a698e5d5-e18a-4126-9d18-a822124e4e90\" href=\"https:\/\/isfd86-bue.infd.edu.ar\/sitio\/wp-content\/uploads\/2024\/06\/cai.pdf\">cai<\/a><a href=\"https:\/\/isfd86-bue.infd.edu.ar\/sitio\/wp-content\/uploads\/2024\/06\/cai.pdf\" class=\"wp-block-file__button wp-element-button\" download aria-describedby=\"wp-block-file--media-a698e5d5-e18a-4126-9d18-a822124e4e90\">Descarga<\/a><\/div>\n\n\n\n<p><\/p>\n\n\n\n<p><\/p>\n\n\n\n<p><strong>ACTA CAI 01\/12\/2022<\/strong><\/p>\n\n\n\n<div class=\"wp-block-file\"><a id=\"wp-block-file--media-d152fad5-a40f-4293-9980-d3c9adfdc233\" href=\"https:\/\/isfd86-bue.infd.edu.ar\/sitio\/wp-content\/uploads\/2022\/12\/CAI-ACTA-01122022.pdf\">CAI-ACTA-01122022<\/a><a href=\"https:\/\/isfd86-bue.infd.edu.ar\/sitio\/wp-content\/uploads\/2022\/12\/CAI-ACTA-01122022.pdf\" class=\"wp-block-file__button wp-element-button\" download aria-describedby=\"wp-block-file--media-d152fad5-a40f-4293-9980-d3c9adfdc233\">Descarga<\/a><\/div>\n\n\n\n<p><\/p>\n\n\n\n<p><\/p>\n\n\n\n<p><strong><span class=\"has-inline-color has-vivid-cyan-blue-color\">24\/05\/2022<\/span><\/strong><\/p>\n\n\n\n<p>Despu\u00e9s de 3 a\u00f1os se desarrollaron las elecciones del consejo acad\u00e9mico institucional. Le renovaci\u00f3n fue completa. Le damos la bienvenida al nuevo CAI y le deseamos una muy buena gesti\u00f3n<\/p>\n\n\n\n<figure class=\"wp-block-image size-large\"><img decoding=\"async\" loading=\"lazy\" width=\"794\" height=\"499\" src=\"https:\/\/isfd86-bue.infd.edu.ar\/sitio\/wp-content\/uploads\/2022\/05\/CAI-1.png\" alt=\"\" class=\"wp-image-3046\" srcset=\"https:\/\/isfd86-bue.infd.edu.ar\/sitio\/wp-content\/uploads\/2022\/05\/CAI-1.png 794w, https:\/\/isfd86-bue.infd.edu.ar\/sitio\/wp-content\/uploads\/2022\/05\/CAI-1-768x483.png 768w\" sizes=\"(max-width: 794px) 100vw, 794px\" \/><\/figure>\n\n\n\n<figure class=\"wp-block-image size-large\"><img decoding=\"async\" src=\"blob:https:\/\/isfd86-bue.infd.edu.ar\/fe13759a-dd35-4b16-a2a2-a59814788b94\" alt=\"\"\/><\/figure>\n\n\n\n<figure class=\"wp-block-image size-large\"><img decoding=\"async\" loading=\"lazy\" width=\"791\" height=\"539\" src=\"https:\/\/isfd86-bue.infd.edu.ar\/sitio\/wp-content\/uploads\/2022\/05\/CAI-2-1.png\" alt=\"\" class=\"wp-image-3050\" srcset=\"https:\/\/isfd86-bue.infd.edu.ar\/sitio\/wp-content\/uploads\/2022\/05\/CAI-2-1.png 791w, https:\/\/isfd86-bue.infd.edu.ar\/sitio\/wp-content\/uploads\/2022\/05\/CAI-2-1-768x523.png 768w\" sizes=\"(max-width: 791px) 100vw, 791px\" \/><\/figure>\n\n\n\n<figure class=\"wp-block-image size-large\"><img decoding=\"async\" loading=\"lazy\" width=\"1159\" height=\"1699\" src=\"https:\/\/isfd86-bue.infd.edu.ar\/sitio\/wp-content\/uploads\/2022\/05\/acta-de-escrutino_page-0001-1.jpg\" alt=\"\" class=\"wp-image-3054\" srcset=\"https:\/\/isfd86-bue.infd.edu.ar\/sitio\/wp-content\/uploads\/2022\/05\/acta-de-escrutino_page-0001-1.jpg 1159w, https:\/\/isfd86-bue.infd.edu.ar\/sitio\/wp-content\/uploads\/2022\/05\/acta-de-escrutino_page-0001-1-682x1000.jpg 682w, https:\/\/isfd86-bue.infd.edu.ar\/sitio\/wp-content\/uploads\/2022\/05\/acta-de-escrutino_page-0001-1-768x1126.jpg 768w, https:\/\/isfd86-bue.infd.edu.ar\/sitio\/wp-content\/uploads\/2022\/05\/acta-de-escrutino_page-0001-1-1048x1536.jpg 1048w\" sizes=\"(max-width: 1159px) 100vw, 1159px\" \/><\/figure>\n\n\n\n<p>16\/12\/2021<\/p>\n\n\n\n<figure class=\"wp-block-gallery has-nested-images columns-default is-cropped wp-block-gallery-1 is-layout-flex\">\n<figure class=\"wp-block-image size-large\"><img decoding=\"async\" loading=\"lazy\" width=\"1240\" height=\"1755\" data-id=\"2685\"  src=\"https:\/\/isfd86-bue.infd.edu.ar\/sitio\/wp-content\/uploads\/2021\/12\/CamScanner-12-16-2021-16.47_page-0001-2.jpg\" alt=\"\" class=\"wp-image-2685\" srcset=\"https:\/\/isfd86-bue.infd.edu.ar\/sitio\/wp-content\/uploads\/2021\/12\/CamScanner-12-16-2021-16.47_page-0001-2.jpg 1240w, https:\/\/isfd86-bue.infd.edu.ar\/sitio\/wp-content\/uploads\/2021\/12\/CamScanner-12-16-2021-16.47_page-0001-2-707x1000.jpg 707w, https:\/\/isfd86-bue.infd.edu.ar\/sitio\/wp-content\/uploads\/2021\/12\/CamScanner-12-16-2021-16.47_page-0001-2-768x1087.jpg 768w, https:\/\/isfd86-bue.infd.edu.ar\/sitio\/wp-content\/uploads\/2021\/12\/CamScanner-12-16-2021-16.47_page-0001-2-1085x1536.jpg 1085w\" sizes=\"(max-width: 1240px) 100vw, 1240px\" \/><\/figure>\n<\/figure>\n\n\n\n<figure class=\"wp-block-gallery has-nested-images columns-default is-cropped wp-block-gallery-3 is-layout-flex\">\n<figure class=\"wp-block-image size-large\"><img decoding=\"async\" loading=\"lazy\" width=\"1240\" height=\"1755\" data-id=\"2692\"  src=\"https:\/\/isfd86-bue.infd.edu.ar\/sitio\/wp-content\/uploads\/2021\/12\/CamScanner-12-16-2021-16.47_page-0002-4.jpg\" alt=\"\" class=\"wp-image-2692\" srcset=\"https:\/\/isfd86-bue.infd.edu.ar\/sitio\/wp-content\/uploads\/2021\/12\/CamScanner-12-16-2021-16.47_page-0002-4.jpg 1240w, https:\/\/isfd86-bue.infd.edu.ar\/sitio\/wp-content\/uploads\/2021\/12\/CamScanner-12-16-2021-16.47_page-0002-4-707x1000.jpg 707w, https:\/\/isfd86-bue.infd.edu.ar\/sitio\/wp-content\/uploads\/2021\/12\/CamScanner-12-16-2021-16.47_page-0002-4-768x1087.jpg 768w, https:\/\/isfd86-bue.infd.edu.ar\/sitio\/wp-content\/uploads\/2021\/12\/CamScanner-12-16-2021-16.47_page-0002-4-1085x1536.jpg 1085w\" sizes=\"(max-width: 1240px) 100vw, 1240px\" \/><\/figure>\n<\/figure>\n\n\n\n<figure class=\"wp-block-image size-large\"><img decoding=\"async\" loading=\"lazy\" width=\"1240\" height=\"1755\" src=\"https:\/\/isfd86-bue.infd.edu.ar\/sitio\/wp-content\/uploads\/2021\/12\/CamScanner-12-16-2021-16.47_page-0003-7.jpg\" alt=\"\" class=\"wp-image-2694\" srcset=\"https:\/\/isfd86-bue.infd.edu.ar\/sitio\/wp-content\/uploads\/2021\/12\/CamScanner-12-16-2021-16.47_page-0003-7.jpg 1240w, https:\/\/isfd86-bue.infd.edu.ar\/sitio\/wp-content\/uploads\/2021\/12\/CamScanner-12-16-2021-16.47_page-0003-7-707x1000.jpg 707w, https:\/\/isfd86-bue.infd.edu.ar\/sitio\/wp-content\/uploads\/2021\/12\/CamScanner-12-16-2021-16.47_page-0003-7-768x1087.jpg 768w, https:\/\/isfd86-bue.infd.edu.ar\/sitio\/wp-content\/uploads\/2021\/12\/CamScanner-12-16-2021-16.47_page-0003-7-1085x1536.jpg 1085w\" sizes=\"(max-width: 1240px) 100vw, 1240px\" \/><\/figure>\n\n\n\n<figure class=\"wp-block-image size-large\"><img decoding=\"async\" loading=\"lazy\" width=\"1240\" height=\"1755\" src=\"https:\/\/isfd86-bue.infd.edu.ar\/sitio\/wp-content\/uploads\/2021\/12\/CamScanner-12-16-2021-16.47_page-0004-4.jpg\" alt=\"\" class=\"wp-image-2695\" srcset=\"https:\/\/isfd86-bue.infd.edu.ar\/sitio\/wp-content\/uploads\/2021\/12\/CamScanner-12-16-2021-16.47_page-0004-4.jpg 1240w, https:\/\/isfd86-bue.infd.edu.ar\/sitio\/wp-content\/uploads\/2021\/12\/CamScanner-12-16-2021-16.47_page-0004-4-707x1000.jpg 707w, https:\/\/isfd86-bue.infd.edu.ar\/sitio\/wp-content\/uploads\/2021\/12\/CamScanner-12-16-2021-16.47_page-0004-4-768x1087.jpg 768w, https:\/\/isfd86-bue.infd.edu.ar\/sitio\/wp-content\/uploads\/2021\/12\/CamScanner-12-16-2021-16.47_page-0004-4-1085x1536.jpg 1085w\" sizes=\"(max-width: 1240px) 100vw, 1240px\" \/><\/figure>\n\n\n\n<figure class=\"wp-block-image size-large\"><img decoding=\"async\" loading=\"lazy\" width=\"1240\" height=\"1755\" src=\"https:\/\/isfd86-bue.infd.edu.ar\/sitio\/wp-content\/uploads\/2021\/12\/CamScanner-12-16-2021-16.47_page-0005-4.jpg\" alt=\"\" class=\"wp-image-2696\" srcset=\"https:\/\/isfd86-bue.infd.edu.ar\/sitio\/wp-content\/uploads\/2021\/12\/CamScanner-12-16-2021-16.47_page-0005-4.jpg 1240w, https:\/\/isfd86-bue.infd.edu.ar\/sitio\/wp-content\/uploads\/2021\/12\/CamScanner-12-16-2021-16.47_page-0005-4-707x1000.jpg 707w, https:\/\/isfd86-bue.infd.edu.ar\/sitio\/wp-content\/uploads\/2021\/12\/CamScanner-12-16-2021-16.47_page-0005-4-768x1087.jpg 768w, https:\/\/isfd86-bue.infd.edu.ar\/sitio\/wp-content\/uploads\/2021\/12\/CamScanner-12-16-2021-16.47_page-0005-4-1085x1536.jpg 1085w\" sizes=\"(max-width: 1240px) 100vw, 1240px\" \/><\/figure>\n\n\n<p><img decoding=\"async\" loading=\"lazy\" class=\"alignnone size-medium wp-image-1905\" src=\"https:\/\/isfd86-bue.infd.edu.ar\/sitio\/wp-content\/uploads\/2020\/10\/53546c6c47e86cc61b8aabc908fb81a0-0-707x1000.jpg\" alt=\"\" width=\"707\" height=\"1000\" srcset=\"https:\/\/isfd86-bue.infd.edu.ar\/sitio\/wp-content\/uploads\/2020\/10\/53546c6c47e86cc61b8aabc908fb81a0-0-707x1000.jpg 707w, https:\/\/isfd86-bue.infd.edu.ar\/sitio\/wp-content\/uploads\/2020\/10\/53546c6c47e86cc61b8aabc908fb81a0-0-768x1086.jpg 768w, https:\/\/isfd86-bue.infd.edu.ar\/sitio\/wp-content\/uploads\/2020\/10\/53546c6c47e86cc61b8aabc908fb81a0-0-1344x1900.jpg 1344w, https:\/\/isfd86-bue.infd.edu.ar\/sitio\/wp-content\/uploads\/2020\/10\/53546c6c47e86cc61b8aabc908fb81a0-0.jpg 1654w\" sizes=\"(max-width: 707px) 100vw, 707px\" \/> <img decoding=\"async\" loading=\"lazy\" class=\"alignnone size-medium wp-image-1906\" src=\"https:\/\/isfd86-bue.infd.edu.ar\/sitio\/wp-content\/uploads\/2020\/10\/53546c6c47e86cc61b8aabc908fb81a0-1-707x1000.jpg\" alt=\"\" width=\"707\" height=\"1000\" srcset=\"https:\/\/isfd86-bue.infd.edu.ar\/sitio\/wp-content\/uploads\/2020\/10\/53546c6c47e86cc61b8aabc908fb81a0-1-707x1000.jpg 707w, https:\/\/isfd86-bue.infd.edu.ar\/sitio\/wp-content\/uploads\/2020\/10\/53546c6c47e86cc61b8aabc908fb81a0-1-768x1086.jpg 768w, https:\/\/isfd86-bue.infd.edu.ar\/sitio\/wp-content\/uploads\/2020\/10\/53546c6c47e86cc61b8aabc908fb81a0-1-1344x1900.jpg 1344w, https:\/\/isfd86-bue.infd.edu.ar\/sitio\/wp-content\/uploads\/2020\/10\/53546c6c47e86cc61b8aabc908fb81a0-1.jpg 1654w\" sizes=\"(max-width: 707px) 100vw, 707px\" \/><\/p>\n<p><img decoding=\"async\" loading=\"lazy\" class=\"alignnone size-medium wp-image-1710\" src=\"https:\/\/isfd86-bue.infd.edu.ar\/sitio\/wp-content\/uploads\/2020\/08\/CamScanner-08-10-2020-12.36.17_page-0001-707x1000.jpg\" alt=\"\" width=\"707\" height=\"1000\" srcset=\"https:\/\/isfd86-bue.infd.edu.ar\/sitio\/wp-content\/uploads\/2020\/08\/CamScanner-08-10-2020-12.36.17_page-0001-707x1000.jpg 707w, https:\/\/isfd86-bue.infd.edu.ar\/sitio\/wp-content\/uploads\/2020\/08\/CamScanner-08-10-2020-12.36.17_page-0001-768x1087.jpg 768w, https:\/\/isfd86-bue.infd.edu.ar\/sitio\/wp-content\/uploads\/2020\/08\/CamScanner-08-10-2020-12.36.17_page-0001.jpg 1240w\" sizes=\"(max-width: 707px) 100vw, 707px\" \/> <img decoding=\"async\" loading=\"lazy\" class=\"alignnone size-medium wp-image-1711\" src=\"https:\/\/isfd86-bue.infd.edu.ar\/sitio\/wp-content\/uploads\/2020\/08\/CamScanner-08-10-2020-12.36.17_page-0002-707x1000.jpg\" alt=\"\" width=\"707\" height=\"1000\" srcset=\"https:\/\/isfd86-bue.infd.edu.ar\/sitio\/wp-content\/uploads\/2020\/08\/CamScanner-08-10-2020-12.36.17_page-0002-707x1000.jpg 707w, https:\/\/isfd86-bue.infd.edu.ar\/sitio\/wp-content\/uploads\/2020\/08\/CamScanner-08-10-2020-12.36.17_page-0002-768x1087.jpg 768w, https:\/\/isfd86-bue.infd.edu.ar\/sitio\/wp-content\/uploads\/2020\/08\/CamScanner-08-10-2020-12.36.17_page-0002.jpg 1240w\" sizes=\"(max-width: 707px) 100vw, 707px\" \/> <img decoding=\"async\" loading=\"lazy\" class=\"alignnone size-medium wp-image-1712\" src=\"https:\/\/isfd86-bue.infd.edu.ar\/sitio\/wp-content\/uploads\/2020\/08\/CamScanner-08-10-2020-12.36.17_page-0003-707x1000.jpg\" alt=\"\" width=\"707\" height=\"1000\" srcset=\"https:\/\/isfd86-bue.infd.edu.ar\/sitio\/wp-content\/uploads\/2020\/08\/CamScanner-08-10-2020-12.36.17_page-0003-707x1000.jpg 707w, https:\/\/isfd86-bue.infd.edu.ar\/sitio\/wp-content\/uploads\/2020\/08\/CamScanner-08-10-2020-12.36.17_page-0003-768x1087.jpg 768w, https:\/\/isfd86-bue.infd.edu.ar\/sitio\/wp-content\/uploads\/2020\/08\/CamScanner-08-10-2020-12.36.17_page-0003.jpg 1240w\" sizes=\"(max-width: 707px) 100vw, 707px\" \/> <img decoding=\"async\" loading=\"lazy\" class=\"alignnone size-medium wp-image-1713\" src=\"https:\/\/isfd86-bue.infd.edu.ar\/sitio\/wp-content\/uploads\/2020\/08\/CamScanner-08-10-2020-12.36.17_page-0004-707x1000.jpg\" alt=\"\" width=\"707\" height=\"1000\" srcset=\"https:\/\/isfd86-bue.infd.edu.ar\/sitio\/wp-content\/uploads\/2020\/08\/CamScanner-08-10-2020-12.36.17_page-0004-707x1000.jpg 707w, https:\/\/isfd86-bue.infd.edu.ar\/sitio\/wp-content\/uploads\/2020\/08\/CamScanner-08-10-2020-12.36.17_page-0004-768x1087.jpg 768w, https:\/\/isfd86-bue.infd.edu.ar\/sitio\/wp-content\/uploads\/2020\/08\/CamScanner-08-10-2020-12.36.17_page-0004.jpg 1240w\" sizes=\"(max-width: 707px) 100vw, 707px\" \/> <img decoding=\"async\" loading=\"lazy\" class=\"alignnone size-medium wp-image-1714\" src=\"https:\/\/isfd86-bue.infd.edu.ar\/sitio\/wp-content\/uploads\/2020\/08\/CamScanner-08-10-2020-12.36.17_page-0005-707x1000.jpg\" alt=\"\" width=\"707\" height=\"1000\" srcset=\"https:\/\/isfd86-bue.infd.edu.ar\/sitio\/wp-content\/uploads\/2020\/08\/CamScanner-08-10-2020-12.36.17_page-0005-707x1000.jpg 707w, https:\/\/isfd86-bue.infd.edu.ar\/sitio\/wp-content\/uploads\/2020\/08\/CamScanner-08-10-2020-12.36.17_page-0005-768x1087.jpg 768w, https:\/\/isfd86-bue.infd.edu.ar\/sitio\/wp-content\/uploads\/2020\/08\/CamScanner-08-10-2020-12.36.17_page-0005.jpg 1240w\" sizes=\"(max-width: 707px) 100vw, 707px\" \/><\/p>\n<p><img decoding=\"async\" loading=\"lazy\" class=\"alignnone size-medium wp-image-1704\" src=\"https:\/\/isfd86-bue.infd.edu.ar\/sitio\/wp-content\/uploads\/2020\/08\/bc37477618a24f9cc6bc06444a88adf4-0-773x1000.jpg\" alt=\"\" width=\"773\" height=\"1000\" srcset=\"https:\/\/isfd86-bue.infd.edu.ar\/sitio\/wp-content\/uploads\/2020\/08\/bc37477618a24f9cc6bc06444a88adf4-0-773x1000.jpg 773w, https:\/\/isfd86-bue.infd.edu.ar\/sitio\/wp-content\/uploads\/2020\/08\/bc37477618a24f9cc6bc06444a88adf4-0-768x994.jpg 768w, https:\/\/isfd86-bue.infd.edu.ar\/sitio\/wp-content\/uploads\/2020\/08\/bc37477618a24f9cc6bc06444a88adf4-0-1468x1900.jpg 1468w, https:\/\/isfd86-bue.infd.edu.ar\/sitio\/wp-content\/uploads\/2020\/08\/bc37477618a24f9cc6bc06444a88adf4-0.jpg 1700w\" sizes=\"(max-width: 773px) 100vw, 773px\" \/> <img decoding=\"async\" loading=\"lazy\" class=\"alignnone size-medium wp-image-1705\" src=\"https:\/\/isfd86-bue.infd.edu.ar\/sitio\/wp-content\/uploads\/2020\/08\/bc37477618a24f9cc6bc06444a88adf4-1-773x1000.jpg\" alt=\"\" width=\"773\" height=\"1000\" srcset=\"https:\/\/isfd86-bue.infd.edu.ar\/sitio\/wp-content\/uploads\/2020\/08\/bc37477618a24f9cc6bc06444a88adf4-1-773x1000.jpg 773w, https:\/\/isfd86-bue.infd.edu.ar\/sitio\/wp-content\/uploads\/2020\/08\/bc37477618a24f9cc6bc06444a88adf4-1-768x994.jpg 768w, https:\/\/isfd86-bue.infd.edu.ar\/sitio\/wp-content\/uploads\/2020\/08\/bc37477618a24f9cc6bc06444a88adf4-1-1468x1900.jpg 1468w, https:\/\/isfd86-bue.infd.edu.ar\/sitio\/wp-content\/uploads\/2020\/08\/bc37477618a24f9cc6bc06444a88adf4-1.jpg 1700w\" sizes=\"(max-width: 773px) 100vw, 773px\" \/> <img decoding=\"async\" loading=\"lazy\" class=\"alignnone size-medium wp-image-1706\" src=\"https:\/\/isfd86-bue.infd.edu.ar\/sitio\/wp-content\/uploads\/2020\/08\/bc37477618a24f9cc6bc06444a88adf4-2-773x1000.jpg\" alt=\"\" width=\"773\" height=\"1000\" srcset=\"https:\/\/isfd86-bue.infd.edu.ar\/sitio\/wp-content\/uploads\/2020\/08\/bc37477618a24f9cc6bc06444a88adf4-2-773x1000.jpg 773w, https:\/\/isfd86-bue.infd.edu.ar\/sitio\/wp-content\/uploads\/2020\/08\/bc37477618a24f9cc6bc06444a88adf4-2-768x994.jpg 768w, https:\/\/isfd86-bue.infd.edu.ar\/sitio\/wp-content\/uploads\/2020\/08\/bc37477618a24f9cc6bc06444a88adf4-2-1468x1900.jpg 1468w, https:\/\/isfd86-bue.infd.edu.ar\/sitio\/wp-content\/uploads\/2020\/08\/bc37477618a24f9cc6bc06444a88adf4-2.jpg 1700w\" sizes=\"(max-width: 773px) 100vw, 773px\" \/> <img decoding=\"async\" loading=\"lazy\" class=\"alignnone size-medium wp-image-1707\" src=\"https:\/\/isfd86-bue.infd.edu.ar\/sitio\/wp-content\/uploads\/2020\/08\/bc37477618a24f9cc6bc06444a88adf4-3-773x1000.jpg\" alt=\"\" width=\"773\" height=\"1000\" srcset=\"https:\/\/isfd86-bue.infd.edu.ar\/sitio\/wp-content\/uploads\/2020\/08\/bc37477618a24f9cc6bc06444a88adf4-3-773x1000.jpg 773w, https:\/\/isfd86-bue.infd.edu.ar\/sitio\/wp-content\/uploads\/2020\/08\/bc37477618a24f9cc6bc06444a88adf4-3-768x994.jpg 768w, https:\/\/isfd86-bue.infd.edu.ar\/sitio\/wp-content\/uploads\/2020\/08\/bc37477618a24f9cc6bc06444a88adf4-3-1468x1900.jpg 1468w, https:\/\/isfd86-bue.infd.edu.ar\/sitio\/wp-content\/uploads\/2020\/08\/bc37477618a24f9cc6bc06444a88adf4-3.jpg 1700w\" sizes=\"(max-width: 773px) 100vw, 773px\" \/> <img decoding=\"async\" loading=\"lazy\" class=\"alignnone size-medium wp-image-1708\" src=\"https:\/\/isfd86-bue.infd.edu.ar\/sitio\/wp-content\/uploads\/2020\/08\/bc37477618a24f9cc6bc06444a88adf4-4-773x1000.jpg\" alt=\"\" width=\"773\" height=\"1000\" srcset=\"https:\/\/isfd86-bue.infd.edu.ar\/sitio\/wp-content\/uploads\/2020\/08\/bc37477618a24f9cc6bc06444a88adf4-4-773x1000.jpg 773w, https:\/\/isfd86-bue.infd.edu.ar\/sitio\/wp-content\/uploads\/2020\/08\/bc37477618a24f9cc6bc06444a88adf4-4-768x994.jpg 768w, https:\/\/isfd86-bue.infd.edu.ar\/sitio\/wp-content\/uploads\/2020\/08\/bc37477618a24f9cc6bc06444a88adf4-4-1468x1900.jpg 1468w, https:\/\/isfd86-bue.infd.edu.ar\/sitio\/wp-content\/uploads\/2020\/08\/bc37477618a24f9cc6bc06444a88adf4-4.jpg 1700w\" sizes=\"(max-width: 773px) 100vw, 773px\" \/>3\/08\/2020<\/p>\n<p><img decoding=\"async\" loading=\"lazy\" class=\"alignnone size-medium wp-image-1696\" src=\"https:\/\/isfd86-bue.infd.edu.ar\/sitio\/wp-content\/uploads\/2020\/08\/929bd42f252cfc55bf9ebc96545ba6ff-0-773x1000.jpg\" alt=\"\" width=\"773\" height=\"1000\" srcset=\"https:\/\/isfd86-bue.infd.edu.ar\/sitio\/wp-content\/uploads\/2020\/08\/929bd42f252cfc55bf9ebc96545ba6ff-0-773x1000.jpg 773w, https:\/\/isfd86-bue.infd.edu.ar\/sitio\/wp-content\/uploads\/2020\/08\/929bd42f252cfc55bf9ebc96545ba6ff-0-768x994.jpg 768w, https:\/\/isfd86-bue.infd.edu.ar\/sitio\/wp-content\/uploads\/2020\/08\/929bd42f252cfc55bf9ebc96545ba6ff-0-1468x1900.jpg 1468w, https:\/\/isfd86-bue.infd.edu.ar\/sitio\/wp-content\/uploads\/2020\/08\/929bd42f252cfc55bf9ebc96545ba6ff-0.jpg 1700w\" sizes=\"(max-width: 773px) 100vw, 773px\" \/> <img decoding=\"async\" loading=\"lazy\" class=\"alignnone size-medium wp-image-1697\" src=\"https:\/\/isfd86-bue.infd.edu.ar\/sitio\/wp-content\/uploads\/2020\/08\/929bd42f252cfc55bf9ebc96545ba6ff-1-773x1000.jpg\" alt=\"\" width=\"773\" height=\"1000\" srcset=\"https:\/\/isfd86-bue.infd.edu.ar\/sitio\/wp-content\/uploads\/2020\/08\/929bd42f252cfc55bf9ebc96545ba6ff-1-773x1000.jpg 773w, https:\/\/isfd86-bue.infd.edu.ar\/sitio\/wp-content\/uploads\/2020\/08\/929bd42f252cfc55bf9ebc96545ba6ff-1-768x994.jpg 768w, https:\/\/isfd86-bue.infd.edu.ar\/sitio\/wp-content\/uploads\/2020\/08\/929bd42f252cfc55bf9ebc96545ba6ff-1-1468x1900.jpg 1468w, https:\/\/isfd86-bue.infd.edu.ar\/sitio\/wp-content\/uploads\/2020\/08\/929bd42f252cfc55bf9ebc96545ba6ff-1.jpg 1700w\" sizes=\"(max-width: 773px) 100vw, 773px\" \/> <img decoding=\"async\" loading=\"lazy\" class=\"alignnone size-medium wp-image-1698\" src=\"https:\/\/isfd86-bue.infd.edu.ar\/sitio\/wp-content\/uploads\/2020\/08\/929bd42f252cfc55bf9ebc96545ba6ff-2-773x1000.jpg\" alt=\"\" width=\"773\" height=\"1000\" srcset=\"https:\/\/isfd86-bue.infd.edu.ar\/sitio\/wp-content\/uploads\/2020\/08\/929bd42f252cfc55bf9ebc96545ba6ff-2-773x1000.jpg 773w, https:\/\/isfd86-bue.infd.edu.ar\/sitio\/wp-content\/uploads\/2020\/08\/929bd42f252cfc55bf9ebc96545ba6ff-2-768x994.jpg 768w, https:\/\/isfd86-bue.infd.edu.ar\/sitio\/wp-content\/uploads\/2020\/08\/929bd42f252cfc55bf9ebc96545ba6ff-2-1468x1900.jpg 1468w, https:\/\/isfd86-bue.infd.edu.ar\/sitio\/wp-content\/uploads\/2020\/08\/929bd42f252cfc55bf9ebc96545ba6ff-2.jpg 1700w\" sizes=\"(max-width: 773px) 100vw, 773px\" \/> <img decoding=\"async\" loading=\"lazy\" class=\"alignnone size-medium wp-image-1699\" src=\"https:\/\/isfd86-bue.infd.edu.ar\/sitio\/wp-content\/uploads\/2020\/08\/929bd42f252cfc55bf9ebc96545ba6ff-3-773x1000.jpg\" alt=\"\" width=\"773\" height=\"1000\" srcset=\"https:\/\/isfd86-bue.infd.edu.ar\/sitio\/wp-content\/uploads\/2020\/08\/929bd42f252cfc55bf9ebc96545ba6ff-3-773x1000.jpg 773w, https:\/\/isfd86-bue.infd.edu.ar\/sitio\/wp-content\/uploads\/2020\/08\/929bd42f252cfc55bf9ebc96545ba6ff-3-768x994.jpg 768w, https:\/\/isfd86-bue.infd.edu.ar\/sitio\/wp-content\/uploads\/2020\/08\/929bd42f252cfc55bf9ebc96545ba6ff-3-1468x1900.jpg 1468w, https:\/\/isfd86-bue.infd.edu.ar\/sitio\/wp-content\/uploads\/2020\/08\/929bd42f252cfc55bf9ebc96545ba6ff-3.jpg 1700w\" sizes=\"(max-width: 773px) 100vw, 773px\" \/> <img decoding=\"async\" loading=\"lazy\" class=\"alignnone size-medium wp-image-1700\" src=\"https:\/\/isfd86-bue.infd.edu.ar\/sitio\/wp-content\/uploads\/2020\/08\/929bd42f252cfc55bf9ebc96545ba6ff-4-773x1000.jpg\" alt=\"\" width=\"773\" height=\"1000\" srcset=\"https:\/\/isfd86-bue.infd.edu.ar\/sitio\/wp-content\/uploads\/2020\/08\/929bd42f252cfc55bf9ebc96545ba6ff-4-773x1000.jpg 773w, https:\/\/isfd86-bue.infd.edu.ar\/sitio\/wp-content\/uploads\/2020\/08\/929bd42f252cfc55bf9ebc96545ba6ff-4-768x994.jpg 768w, https:\/\/isfd86-bue.infd.edu.ar\/sitio\/wp-content\/uploads\/2020\/08\/929bd42f252cfc55bf9ebc96545ba6ff-4-1468x1900.jpg 1468w, https:\/\/isfd86-bue.infd.edu.ar\/sitio\/wp-content\/uploads\/2020\/08\/929bd42f252cfc55bf9ebc96545ba6ff-4.jpg 1700w\" sizes=\"(max-width: 773px) 100vw, 773px\" \/> <img decoding=\"async\" loading=\"lazy\" class=\"alignnone size-medium wp-image-1701\" src=\"https:\/\/isfd86-bue.infd.edu.ar\/sitio\/wp-content\/uploads\/2020\/08\/929bd42f252cfc55bf9ebc96545ba6ff-5-773x1000.jpg\" alt=\"\" width=\"773\" height=\"1000\" srcset=\"https:\/\/isfd86-bue.infd.edu.ar\/sitio\/wp-content\/uploads\/2020\/08\/929bd42f252cfc55bf9ebc96545ba6ff-5-773x1000.jpg 773w, https:\/\/isfd86-bue.infd.edu.ar\/sitio\/wp-content\/uploads\/2020\/08\/929bd42f252cfc55bf9ebc96545ba6ff-5-768x994.jpg 768w, https:\/\/isfd86-bue.infd.edu.ar\/sitio\/wp-content\/uploads\/2020\/08\/929bd42f252cfc55bf9ebc96545ba6ff-5-1468x1900.jpg 1468w, https:\/\/isfd86-bue.infd.edu.ar\/sitio\/wp-content\/uploads\/2020\/08\/929bd42f252cfc55bf9ebc96545ba6ff-5.jpg 1700w\" sizes=\"(max-width: 773px) 100vw, 773px\" \/> <img decoding=\"async\" loading=\"lazy\" class=\"alignnone size-medium wp-image-1702\" src=\"https:\/\/isfd86-bue.infd.edu.ar\/sitio\/wp-content\/uploads\/2020\/08\/929bd42f252cfc55bf9ebc96545ba6ff-6-773x1000.jpg\" alt=\"\" width=\"773\" height=\"1000\" srcset=\"https:\/\/isfd86-bue.infd.edu.ar\/sitio\/wp-content\/uploads\/2020\/08\/929bd42f252cfc55bf9ebc96545ba6ff-6-773x1000.jpg 773w, https:\/\/isfd86-bue.infd.edu.ar\/sitio\/wp-content\/uploads\/2020\/08\/929bd42f252cfc55bf9ebc96545ba6ff-6-768x994.jpg 768w, https:\/\/isfd86-bue.infd.edu.ar\/sitio\/wp-content\/uploads\/2020\/08\/929bd42f252cfc55bf9ebc96545ba6ff-6-1468x1900.jpg 1468w, https:\/\/isfd86-bue.infd.edu.ar\/sitio\/wp-content\/uploads\/2020\/08\/929bd42f252cfc55bf9ebc96545ba6ff-6.jpg 1700w\" sizes=\"(max-width: 773px) 100vw, 773px\" \/><\/p>\n<p>18\/07\/2020<\/p>\n<p>Tenemos el agrado de socializar lo que el CAI ha establecido para mesas de agosto 2020:<\/p>\n<p><a href=\"https:\/\/isfd86-bue.infd.edu.ar\/sitio\/wp-content\/uploads\/2020\/07\/CAI-INSTITUTO-SUPERIOR-DE-FORMACI\u00d3N-DOCENTE-N\u00ba-86.docx\">CAI &#8211; INSTITUTO SUPERIOR DE FORMACI\u00d3N DOCENTE N\u00ba 86<\/a><\/p>","protected":false},"excerpt":{"rendered":"<p>ACTA 24\/09\/2024 ACTA 13\/06\/2024 ACTA CAI 01\/12\/2022 24\/05\/2022 Despu\u00e9s de 3 a\u00f1os se desarrollaron las elecciones del consejo acad\u00e9mico institucional. Le renovaci\u00f3n fue completa. Le damos la bienvenida al nuevo CAI y le deseamos una muy buena gesti\u00f3n 16\/12\/2021 3\/08\/2020 18\/07\/2020 Tenemos el agrado de socializar lo que el CAI ha establecido para mesas de &#8230; <a title=\"C.A.I.\" class=\"read-more\" href=\"https:\/\/isfd86-bue.infd.edu.ar\/sitio\/c-a-i\/\" aria-label=\"More on C.A.I.\">[+]<\/a><\/p>\n","protected":false},"author":29,"featured_media":0,"parent":0,"menu_order":0,"comment_status":"closed","ping_status":"closed","template":"","meta":[],"acf":[],"_links":{"self":[{"href":"https:\/\/isfd86-bue.infd.edu.ar\/sitio\/wp-json\/wp\/v2\/pages\/888"}],"collection":[{"href":"https:\/\/isfd86-bue.infd.edu.ar\/sitio\/wp-json\/wp\/v2\/pages"}],"about":[{"href":"https:\/\/isfd86-bue.infd.edu.ar\/sitio\/wp-json\/wp\/v2\/types\/page"}],"author":[{"embeddable":true,"href":"https:\/\/isfd86-bue.infd.edu.ar\/sitio\/wp-json\/wp\/v2\/users\/29"}],"replies":[{"embeddable":true,"href":"https:\/\/isfd86-bue.infd.edu.ar\/sitio\/wp-json\/wp\/v2\/comments?post=888"}],"version-history":[{"count":16,"href":"https:\/\/isfd86-bue.infd.edu.ar\/sitio\/wp-json\/wp\/v2\/pages\/888\/revisions"}],"predecessor-version":[{"id":4395,"href":"https:\/\/isfd86-bue.infd.edu.ar\/sitio\/wp-json\/wp\/v2\/pages\/888\/revisions\/4395"}],"wp:attachment":[{"href":"https:\/\/isfd86-bue.infd.edu.ar\/sitio\/wp-json\/wp\/v2\/media?parent=888"}],"curies":[{"name":"wp","href":"https:\/\/api.w.org\/{rel}","templated":true}]}}