{"id":3063,"date":"2022-06-10T09:02:32","date_gmt":"2022-06-10T12:02:32","guid":{"rendered":"https:\/\/isfd86-bue.infd.edu.ar\/sitio\/?page_id=3063"},"modified":"2024-05-08T11:18:16","modified_gmt":"2024-05-08T14:18:16","slug":"egresados","status":"publish","type":"page","link":"https:\/\/isfd86-bue.infd.edu.ar\/sitio\/egresados\/","title":{"rendered":"EGRESADOS"},"content":{"rendered":"\n<p><strong>08\/05\/2024<\/strong><\/p>\n\n\n\n<p><mark style=\"background-color:var(--contrast-3)\" class=\"has-inline-color has-contrast-color\">\u00a0<strong>LLEGARON TITULOS DIGITALIZADOS:<\/strong><\/mark><\/p>\n\n\n\n<p><strong><em>Horarios de Secretar\u00eda: <\/em><\/strong><\/p>\n\n\n\n<p>lunes, mi\u00e9rcoles y viernes de 7:30 a 12 y <\/p>\n\n\n\n<p>martes y jueves de 12:30 a 17:00 hs. <\/p>\n\n\n\n<p>Tienen que acercarse en el horario de Secretar\u00eda:  con DNI original. <\/p>\n\n\n\n<p>Tambi\u00e9n lo puede retirar otra persona siempre y cuando traiga una nota de autorizaci\u00f3n de retiro con el nombre y apellido y copias de sendos DNI. Deber\u00e1 agregar en la nota un correo electr\u00f3nico para chequear en el momento el env\u00edo del enlace de t\u00edtulo. <\/p>\n\n\n\n<figure class=\"wp-block-image size-full is-resized\"><img decoding=\"async\" loading=\"lazy\" src=\"https:\/\/isfd86-bue.infd.edu.ar\/sitio\/wp-content\/uploads\/2024\/05\/image-1.png\" alt=\"\" class=\"wp-image-4175\" width=\"779\" height=\"405\"\/><\/figure>\n\n\n\n<figure class=\"wp-block-image size-full\"><img decoding=\"async\" loading=\"lazy\" width=\"738\" height=\"399\" src=\"https:\/\/isfd86-bue.infd.edu.ar\/sitio\/wp-content\/uploads\/2024\/05\/image-2.png\" alt=\"\" class=\"wp-image-4176\"\/><\/figure>\n\n\n\n<figure class=\"wp-block-image size-full\"><img decoding=\"async\" loading=\"lazy\" width=\"444\" height=\"342\" src=\"https:\/\/isfd86-bue.infd.edu.ar\/sitio\/wp-content\/uploads\/2024\/05\/image-3.png\" alt=\"\" class=\"wp-image-4177\"\/><\/figure>\n\n\n\n<div style=\"height:210px\" aria-hidden=\"true\" class=\"wp-block-spacer\"><\/div>\n\n\n<div class=\"wp-block-image is-style-default\">\n<figure class=\"aligncenter size-large\"><img decoding=\"async\" loading=\"lazy\" width=\"960\" height=\"720\" src=\"https:\/\/isfd86-bue.infd.edu.ar\/sitio\/wp-content\/uploads\/2022\/06\/EGRESADOS-Y-ULTIMA-MATERIA-EMAIL-A-FINALES-10062022.jpg\" alt=\"\" class=\"wp-image-3072\" srcset=\"https:\/\/isfd86-bue.infd.edu.ar\/sitio\/wp-content\/uploads\/2022\/06\/EGRESADOS-Y-ULTIMA-MATERIA-EMAIL-A-FINALES-10062022.jpg 960w, https:\/\/isfd86-bue.infd.edu.ar\/sitio\/wp-content\/uploads\/2022\/06\/EGRESADOS-Y-ULTIMA-MATERIA-EMAIL-A-FINALES-10062022-768x576.jpg 768w\" sizes=\"(max-width: 960px) 100vw, 960px\" \/><\/figure><\/div>","protected":false},"excerpt":{"rendered":"<p>08\/05\/2024 \u00a0LLEGARON TITULOS DIGITALIZADOS: Horarios de Secretar\u00eda: lunes, mi\u00e9rcoles y viernes de 7:30 a 12 y martes y jueves de 12:30 a 17:00 hs. Tienen que acercarse en el horario de Secretar\u00eda: con DNI original. Tambi\u00e9n lo puede retirar otra persona siempre y cuando traiga una nota de autorizaci\u00f3n de retiro con el nombre y &#8230; <a title=\"EGRESADOS\" class=\"read-more\" href=\"https:\/\/isfd86-bue.infd.edu.ar\/sitio\/egresados\/\" aria-label=\"More on EGRESADOS\">[+]<\/a><\/p>\n","protected":false},"author":2313,"featured_media":0,"parent":0,"menu_order":0,"comment_status":"closed","ping_status":"closed","template":"","meta":[],"acf":[],"_links":{"self":[{"href":"https:\/\/isfd86-bue.infd.edu.ar\/sitio\/wp-json\/wp\/v2\/pages\/3063"}],"collection":[{"href":"https:\/\/isfd86-bue.infd.edu.ar\/sitio\/wp-json\/wp\/v2\/pages"}],"about":[{"href":"https:\/\/isfd86-bue.infd.edu.ar\/sitio\/wp-json\/wp\/v2\/types\/page"}],"author":[{"embeddable":true,"href":"https:\/\/isfd86-bue.infd.edu.ar\/sitio\/wp-json\/wp\/v2\/users\/2313"}],"replies":[{"embeddable":true,"href":"https:\/\/isfd86-bue.infd.edu.ar\/sitio\/wp-json\/wp\/v2\/comments?post=3063"}],"version-history":[{"count":5,"href":"https:\/\/isfd86-bue.infd.edu.ar\/sitio\/wp-json\/wp\/v2\/pages\/3063\/revisions"}],"predecessor-version":[{"id":4182,"href":"https:\/\/isfd86-bue.infd.edu.ar\/sitio\/wp-json\/wp\/v2\/pages\/3063\/revisions\/4182"}],"wp:attachment":[{"href":"https:\/\/isfd86-bue.infd.edu.ar\/sitio\/wp-json\/wp\/v2\/media?parent=3063"}],"curies":[{"name":"wp","href":"https:\/\/api.w.org\/{rel}","templated":true}]}}