{"id":2422,"date":"2021-06-17T10:15:55","date_gmt":"2021-06-17T13:15:55","guid":{"rendered":"https:\/\/isfd86-bue.infd.edu.ar\/sitio\/?page_id=2422"},"modified":"2025-12-22T10:57:59","modified_gmt":"2025-12-22T13:57:59","slug":"ingreso2026","status":"publish","type":"page","link":"https:\/\/isfd86-bue.infd.edu.ar\/sitio\/ingreso2026\/","title":{"rendered":"INGRESO 2026"},"content":{"rendered":"\n<p><\/p>\n\n\n\n<p><\/p>\n\n\n<div class=\"wp-block-image\">\n<figure class=\"aligncenter size-full is-resized\"><img decoding=\"async\" loading=\"lazy\" src=\"https:\/\/isfd86-bue.infd.edu.ar\/sitio\/wp-content\/uploads\/2024\/11\/image-1.png\" alt=\"\" class=\"wp-image-4410\" width=\"402\" height=\"299\"\/><\/figure><\/div>\n\n\n<figure class=\"wp-block-image size-full is-resized\"><a class=\" https:\/\/forms.gle\/2FDR5kY7Viss9FZC8\" href=\" https:\/\/forms.gle\/2FDR5kY7Viss9FZC8\" rel=\" https:\/\/forms.gle\/2FDR5kY7Viss9FZC8\"><img decoding=\"async\" loading=\"lazy\" src=\"https:\/\/isfd86-bue.infd.edu.ar\/sitio\/wp-content\/uploads\/2025\/12\/Captura-INGRESO-2026.jpg\" alt=\"\" class=\"wp-image-4764\" width=\"1017\" height=\"658\"\/><\/a><\/figure>\n\n\n\n<figure class=\"wp-block-image size-full is-resized\"><img decoding=\"async\" loading=\"lazy\" src=\"https:\/\/isfd86-bue.infd.edu.ar\/sitio\/wp-content\/uploads\/2025\/12\/Captura-FLECHA-22122025.jpg\" alt=\"\" class=\"wp-image-4770\" width=\"948\" height=\"289\" srcset=\"https:\/\/isfd86-bue.infd.edu.ar\/sitio\/wp-content\/uploads\/2025\/12\/Captura-FLECHA-22122025.jpg 775w, https:\/\/isfd86-bue.infd.edu.ar\/sitio\/wp-content\/uploads\/2025\/12\/Captura-FLECHA-22122025-768x234.jpg 768w\" sizes=\"(max-width: 948px) 100vw, 948px\" \/><\/figure>\n\n\n\n<div style=\"height:391px\" aria-hidden=\"true\" class=\"wp-block-spacer\"><\/div>\n\n\n\n<div style=\"height:0px\" aria-hidden=\"true\" class=\"wp-block-spacer\"><\/div>\n\n\n\n<div class=\"wp-block-columns is-layout-flex wp-container-3\">\n<div class=\"wp-block-column is-layout-flow\">\n<figure class=\"wp-block-image size-full\"><img decoding=\"async\" loading=\"lazy\" width=\"479\" height=\"464\" src=\"https:\/\/isfd86-bue.infd.edu.ar\/sitio\/wp-content\/uploads\/2025\/10\/IMG-20251009-WA0024.jpg\" alt=\"\" class=\"wp-image-4735\"\/><\/figure>\n<\/div>\n\n\n\n<div class=\"wp-block-column is-layout-flow\">\n<figure class=\"wp-block-image size-full\"><img decoding=\"async\" loading=\"lazy\" width=\"479\" height=\"464\" src=\"https:\/\/isfd86-bue.infd.edu.ar\/sitio\/wp-content\/uploads\/2025\/10\/IMG-20251009-WA0027.jpg\" alt=\"\" class=\"wp-image-4738\"\/><\/figure>\n<\/div>\n<\/div>\n\n\n\n<div class=\"wp-block-columns is-layout-flex wp-container-6\">\n<div class=\"wp-block-column is-layout-flow\">\n<figure class=\"wp-block-image size-full\"><img decoding=\"async\" loading=\"lazy\" width=\"479\" height=\"464\" src=\"https:\/\/isfd86-bue.infd.edu.ar\/sitio\/wp-content\/uploads\/2025\/10\/IMG-20251009-WA0026.jpg\" alt=\"\" class=\"wp-image-4737\"\/><\/figure>\n<\/div>\n\n\n\n<div class=\"wp-block-column is-layout-flow\">\n<figure class=\"wp-block-image size-full\"><img decoding=\"async\" loading=\"lazy\" width=\"479\" height=\"464\" src=\"https:\/\/isfd86-bue.infd.edu.ar\/sitio\/wp-content\/uploads\/2025\/10\/IMG-20251009-WA0025-1.jpg\" alt=\"\" class=\"wp-image-4739\"\/><\/figure>\n<\/div>\n<\/div>\n\n\n\n<div class=\"wp-block-columns is-layout-flex wp-container-8\">\n<div class=\"wp-block-column is-layout-flow\" style=\"flex-basis:100%\">\n<div style=\"height:70px\" aria-hidden=\"true\" class=\"wp-block-spacer\"><\/div>\n<\/div>\n<\/div>\n\n\n\n<div class=\"wp-block-columns is-layout-flex wp-container-13\">\n<div class=\"wp-block-column is-layout-flow\" style=\"flex-basis:100%\">\n<div class=\"wp-block-columns is-layout-flex wp-container-11\">\n<div class=\"wp-block-column is-layout-flow\">\n<figure class=\"wp-block-image size-full\"><a href=\"https:\/\/www.facebook.com\/profile.php?id=100064596728994&amp;locale=es_LA\" target=\"_blank\" rel=\"noreferrer noopener\"><img decoding=\"async\" loading=\"lazy\" width=\"317\" height=\"132\" src=\"https:\/\/isfd86-bue.infd.edu.ar\/sitio\/wp-content\/uploads\/2024\/06\/Captura-seguinos-en-facebook-6.jpg\" alt=\"\" class=\"wp-image-4294\"\/><\/a><\/figure>\n<\/div>\n\n\n\n<div class=\"wp-block-column is-layout-flow\">\n<figure class=\"wp-block-image size-full\"><a href=\"https:\/\/www.instagram.com\/isfd86sayhueque\/\" target=\"_blank\" rel=\"noreferrer noopener\"><img decoding=\"async\" loading=\"lazy\" width=\"436\" height=\"149\" src=\"https:\/\/isfd86-bue.infd.edu.ar\/sitio\/wp-content\/uploads\/2024\/06\/Captura-seguinos-en-Instagram-7.jpg\" alt=\"\" class=\"wp-image-4297\"\/><\/a><\/figure>\n<\/div>\n<\/div>\n<\/div>\n<\/div>\n\n\n\n<div class=\"wp-block-columns is-layout-flex wp-container-23\">\n<div class=\"wp-block-column is-layout-flow\" style=\"flex-basis:100%\">\n<div class=\"wp-block-group is-layout-constrained\"><div class=\"wp-block-group__inner-container\">\n<div class=\"wp-block-columns is-layout-flex wp-container-20\">\n<div class=\"wp-block-column is-layout-flow\" style=\"flex-basis:100%\">\n<div class=\"wp-block-columns is-layout-flex wp-container-18\">\n<div class=\"wp-block-column is-layout-flow\" style=\"flex-basis:50%\"><div class=\"wp-block-image\">\n<figure class=\"aligncenter size-full is-resized\"><a href=\"https:\/\/www.whatsapp.com\/channel\/0029Vb8mtW0G3R3ebogatk3T\" target=\"_blank\" rel=\"noreferrer noopener\"><img decoding=\"async\" loading=\"lazy\" src=\"https:\/\/isfd86-bue.infd.edu.ar\/sitio\/wp-content\/uploads\/2025\/07\/canal-whasapp-redondo.png\" alt=\"\" class=\"wp-image-4682\" width=\"218\" height=\"218\"\/><\/a><\/figure><\/div><\/div>\n\n\n\n<div class=\"wp-block-column is-vertically-aligned-top is-layout-flow\" style=\"flex-basis:50%\">\n<figure class=\"wp-block-gallery alignleft has-nested-images columns-default is-cropped wp-block-gallery-15 is-layout-flex\"><div class=\"wp-block-image\">\n<figure class=\"aligncenter size-full\"><a href=\"https:\/\/wa.me\/5492915134308\" target=\"_blank\" rel=\"https:\/\/wa.me\/ noopener\"><img decoding=\"async\" loading=\"lazy\" width=\"284\" height=\"579\" src=\"https:\/\/isfd86-bue.infd.edu.ar\/sitio\/wp-content\/uploads\/2025\/07\/Proyecto-Quitar-fondo-2-1.png\" alt=\"\" class=\"wp-image-4696\"\/><\/a><\/figure><\/div><\/figure>\n<\/div>\n<\/div>\n<\/div>\n<\/div>\n<\/div><\/div>\n<\/div>\n<\/div>\n\n\n\n<div style=\"height:100px\" aria-hidden=\"true\" class=\"wp-block-spacer\"><\/div>\n\n\n\n<figure class=\"wp-block-image size-full is-resized\"><a class=\"https:\/\/youtu.be\/w54pf4c76Rg\" href=\"https:\/\/youtu.be\/w54pf4c76Rg\" target=\"_blank\" rel=\"https:\/\/youtu.be\/w54pf4c76Rg noopener\"><img decoding=\"async\" loading=\"lazy\" src=\"https:\/\/isfd86-bue.infd.edu.ar\/sitio\/wp-content\/uploads\/2024\/08\/Captura-20082024-C.jpg\" alt=\"\" class=\"wp-image-4335\" width=\"1023\" height=\"651\" srcset=\"https:\/\/isfd86-bue.infd.edu.ar\/sitio\/wp-content\/uploads\/2024\/08\/Captura-20082024-C.jpg 1083w, https:\/\/isfd86-bue.infd.edu.ar\/sitio\/wp-content\/uploads\/2024\/08\/Captura-20082024-C-1000x637.jpg 1000w, https:\/\/isfd86-bue.infd.edu.ar\/sitio\/wp-content\/uploads\/2024\/08\/Captura-20082024-C-768x489.jpg 768w\" sizes=\"(max-width: 1023px) 100vw, 1023px\" \/><\/a><figcaption class=\"wp-element-caption\"><strong><em>Palabras de nuestra directora Natalia Richotti. <\/em><\/strong><\/figcaption><\/figure>\n\n\n\n<div style=\"height:58px\" aria-hidden=\"true\" class=\"wp-block-spacer\"><\/div>\n\n\n\n<figure class=\"wp-block-image size-full is-resized\"><a href=\"https:\/\/www.canva.com\/design\/DAGM8a0TKKs\/lhI4AxO5Li5Cqk8vH6EUhw\/watch?utm_content=DAGM8a0TKKs&amp;utm_campaign=designshare&amp;utm_medium=link&amp;utm_source=editor\" target=\"_blank\" rel=\"https:\/\/www.canva.com\/design\/DAGM8a0TKKs\/lhI4AxO5Li5Cqk8vH6EUhw\/watch?utm_content=DAGM8a0TKKs&amp;utm_campaign=designshare&amp;utm_medium=link&amp;utm_source=editor noopener\"><img decoding=\"async\" loading=\"lazy\" src=\"https:\/\/isfd86-bue.infd.edu.ar\/sitio\/wp-content\/uploads\/2024\/08\/Screenshot_20240806-100330_Samsung-Internet.jpg\" alt=\"\" class=\"wp-image-4331\" width=\"1021\" height=\"604\" srcset=\"https:\/\/isfd86-bue.infd.edu.ar\/sitio\/wp-content\/uploads\/2024\/08\/Screenshot_20240806-100330_Samsung-Internet.jpg 1048w, https:\/\/isfd86-bue.infd.edu.ar\/sitio\/wp-content\/uploads\/2024\/08\/Screenshot_20240806-100330_Samsung-Internet-1000x593.jpg 1000w, https:\/\/isfd86-bue.infd.edu.ar\/sitio\/wp-content\/uploads\/2024\/08\/Screenshot_20240806-100330_Samsung-Internet-768x455.jpg 768w\" sizes=\"(max-width: 1021px) 100vw, 1021px\" \/><\/a><\/figure>\n\n\n\n<div style=\"height:62px\" aria-hidden=\"true\" class=\"wp-block-spacer\"><\/div>\n\n\n<div class=\"wp-block-image\">\n<figure class=\"aligncenter size-full\"><img decoding=\"async\" loading=\"lazy\" width=\"707\" height=\"1000\" src=\"https:\/\/isfd86-bue.infd.edu.ar\/sitio\/wp-content\/uploads\/2024\/06\/image.png\" alt=\"\" class=\"wp-image-4211\"\/><\/figure><\/div>\n\n\n<figure class=\"wp-block-image size-full is-resized\"><img decoding=\"async\" loading=\"lazy\" src=\"https:\/\/isfd86-bue.infd.edu.ar\/sitio\/wp-content\/uploads\/2024\/06\/image-2.png\" alt=\"\" class=\"wp-image-4214\" width=\"1035\" height=\"1026\" srcset=\"https:\/\/isfd86-bue.infd.edu.ar\/sitio\/wp-content\/uploads\/2024\/06\/image-2.png 914w, https:\/\/isfd86-bue.infd.edu.ar\/sitio\/wp-content\/uploads\/2024\/06\/image-2-768x761.png 768w\" sizes=\"(max-width: 1035px) 100vw, 1035px\" \/><\/figure>\n\n\n\n<div style=\"height:58px\" aria-hidden=\"true\" class=\"wp-block-spacer\"><\/div>\n\n\n<div class=\"wp-block-image\">\n<figure class=\"aligncenter size-full is-resized\"><img decoding=\"async\" loading=\"lazy\" src=\"https:\/\/isfd86-bue.infd.edu.ar\/sitio\/wp-content\/uploads\/2024\/06\/image-3.png\" alt=\"\" class=\"wp-image-4215\" width=\"1045\" height=\"1039\" srcset=\"https:\/\/isfd86-bue.infd.edu.ar\/sitio\/wp-content\/uploads\/2024\/06\/image-3.png 911w, https:\/\/isfd86-bue.infd.edu.ar\/sitio\/wp-content\/uploads\/2024\/06\/image-3-768x764.png 768w\" sizes=\"(max-width: 1045px) 100vw, 1045px\" \/><\/figure><\/div>\n\n\n<p class=\"has-text-align-center has-large-font-size\"><strong>PLAN DE ESTUDIOS y CORRELATIVIDADES<\/strong><\/p>\n\n\n\n<p class=\"has-medium-font-size\"><a href=\"https:\/\/isfd86-bue.infd.edu.ar\/sitio\/wp-content\/uploads\/2019\/10\/res2432-09fd_educ_fisica.pdf\"><strong>Resoluci\u00f3n del Profesorado de Educaci\u00f3n F\u00edsica N\u00b02432\/09<\/strong><\/a><\/p>\n\n\n\n<div style=\"height:39px\" aria-hidden=\"true\" class=\"wp-block-spacer\"><\/div>\n\n\n\n<p class=\"has-text-align-center has-medium-font-size\"><strong>NUEVO R\u00c9GIMEN DE CORRELATIVIDADES \u2013 ANEXO 5 Ed. F\u00edsica.<\/strong><\/p>\n\n\n<div class=\"wp-block-image\">\n<figure class=\"aligncenter size-full\"><img decoding=\"async\" loading=\"lazy\" width=\"707\" height=\"1000\" src=\"https:\/\/isfd86-bue.infd.edu.ar\/sitio\/wp-content\/uploads\/2024\/06\/image-4.png\" alt=\"\" class=\"wp-image-4216\"\/><\/figure><\/div>\n\n<div class=\"wp-block-image\">\n<figure class=\"aligncenter size-full is-resized\"><img decoding=\"async\" loading=\"lazy\" src=\"https:\/\/isfd86-bue.infd.edu.ar\/sitio\/wp-content\/uploads\/2024\/06\/image-5.png\" alt=\"\" class=\"wp-image-4217\" width=\"707\" height=\"1000\"\/><\/figure><\/div>\n\n<div class=\"wp-block-image\">\n<figure class=\"aligncenter size-full is-resized\"><img decoding=\"async\" loading=\"lazy\" src=\"https:\/\/isfd86-bue.infd.edu.ar\/sitio\/wp-content\/uploads\/2024\/06\/image-6.png\" alt=\"\" class=\"wp-image-4218\" width=\"713\" height=\"1008\"\/><\/figure><\/div>\n\n<div class=\"wp-block-image\">\n<figure class=\"aligncenter size-full is-resized\"><img decoding=\"async\" loading=\"lazy\" src=\"https:\/\/isfd86-bue.infd.edu.ar\/sitio\/wp-content\/uploads\/2024\/06\/image-8.png\" alt=\"\" class=\"wp-image-4224\" width=\"773\" height=\"1000\" srcset=\"https:\/\/isfd86-bue.infd.edu.ar\/sitio\/wp-content\/uploads\/2024\/06\/image-8.png 773w, https:\/\/isfd86-bue.infd.edu.ar\/sitio\/wp-content\/uploads\/2024\/06\/image-8-768x994.png 768w\" sizes=\"(max-width: 773px) 100vw, 773px\" \/><\/figure><\/div>\n\n\n<figure class=\"wp-block-image size-full\"><img decoding=\"async\" loading=\"lazy\" width=\"1280\" height=\"432\" src=\"https:\/\/isfd86-bue.infd.edu.ar\/sitio\/wp-content\/uploads\/2024\/08\/FEED-UNS-MUESTRA-DE-CARRERAS-si-sos-alumno-secundario-B-31072024.jpg\" alt=\"\" class=\"wp-image-4342\" srcset=\"https:\/\/isfd86-bue.infd.edu.ar\/sitio\/wp-content\/uploads\/2024\/08\/FEED-UNS-MUESTRA-DE-CARRERAS-si-sos-alumno-secundario-B-31072024.jpg 1280w, https:\/\/isfd86-bue.infd.edu.ar\/sitio\/wp-content\/uploads\/2024\/08\/FEED-UNS-MUESTRA-DE-CARRERAS-si-sos-alumno-secundario-B-31072024-1000x338.jpg 1000w, https:\/\/isfd86-bue.infd.edu.ar\/sitio\/wp-content\/uploads\/2024\/08\/FEED-UNS-MUESTRA-DE-CARRERAS-si-sos-alumno-secundario-B-31072024-768x259.jpg 768w\" sizes=\"(max-width: 1280px) 100vw, 1280px\" \/><\/figure>\n\n\n\n<figure class=\"wp-block-image size-full is-resized\"><img decoding=\"async\" loading=\"lazy\" src=\"https:\/\/isfd86-bue.infd.edu.ar\/sitio\/wp-content\/uploads\/2025\/07\/FEED-UNS-MUESTRA-DE-CARRERAS-2025-02072025.jpg\" alt=\"\" class=\"wp-image-4677\" width=\"1020\" height=\"1020\" srcset=\"https:\/\/isfd86-bue.infd.edu.ar\/sitio\/wp-content\/uploads\/2025\/07\/FEED-UNS-MUESTRA-DE-CARRERAS-2025-02072025.jpg 1280w, https:\/\/isfd86-bue.infd.edu.ar\/sitio\/wp-content\/uploads\/2025\/07\/FEED-UNS-MUESTRA-DE-CARRERAS-2025-02072025-1000x1000.jpg 1000w, https:\/\/isfd86-bue.infd.edu.ar\/sitio\/wp-content\/uploads\/2025\/07\/FEED-UNS-MUESTRA-DE-CARRERAS-2025-02072025-500x500.jpg 500w, https:\/\/isfd86-bue.infd.edu.ar\/sitio\/wp-content\/uploads\/2025\/07\/FEED-UNS-MUESTRA-DE-CARRERAS-2025-02072025-768x768.jpg 768w\" sizes=\"(max-width: 1020px) 100vw, 1020px\" \/><\/figure>\n\n\n\n<hr class=\"wp-block-separator aligncenter has-alpha-channel-opacity is-style-wide\"\/>\n\n\n\n<div style=\"height:25000px\" aria-hidden=\"true\" class=\"wp-block-spacer\"><\/div>\n\n\n<div class=\"wp-block-image\">\n<figure class=\"aligncenter size-full\"><img decoding=\"async\" loading=\"lazy\" width=\"709\" height=\"535\" src=\"https:\/\/isfd86-bue.infd.edu.ar\/sitio\/wp-content\/uploads\/2025\/02\/Captura-preinscripcion-condicional-2025.jpg\" alt=\"\" class=\"wp-image-4462\"\/><\/figure><\/div>\n\n\n<figure class=\"wp-block-image size-full\"><img decoding=\"async\" loading=\"lazy\" width=\"1280\" height=\"720\" src=\"https:\/\/isfd86-bue.infd.edu.ar\/sitio\/wp-content\/uploads\/2025\/02\/TURNO-2025-B-1.jpg\" alt=\"\" class=\"wp-image-4457\" srcset=\"https:\/\/isfd86-bue.infd.edu.ar\/sitio\/wp-content\/uploads\/2025\/02\/TURNO-2025-B-1.jpg 1280w, https:\/\/isfd86-bue.infd.edu.ar\/sitio\/wp-content\/uploads\/2025\/02\/TURNO-2025-B-1-1000x563.jpg 1000w, https:\/\/isfd86-bue.infd.edu.ar\/sitio\/wp-content\/uploads\/2025\/02\/TURNO-2025-B-1-768x432.jpg 768w\" sizes=\"(max-width: 1280px) 100vw, 1280px\" \/><\/figure>\n\n\n\n<p class=\"has-text-align-center has-large-font-size\"><a href=\"https:\/\/www.isfd86.org\/turnosi86\/pages\/inscripciones.php\"><strong>https:\/\/www.isfd86.org\/turnosi86\/pages\/inscripciones.php<\/strong><\/a><\/p>\n\n\n<div class=\"wp-block-image\">\n<figure class=\"aligncenter size-full\"><img decoding=\"async\" loading=\"lazy\" width=\"228\" height=\"257\" src=\"https:\/\/isfd86-bue.infd.edu.ar\/sitio\/wp-content\/uploads\/2025\/02\/Captura-flecha.jpg\" alt=\"\" class=\"wp-image-4454\"\/><\/figure><\/div>\n\n\n<p><\/p>\n\n\n\n<p><\/p>\n\n\n\n<div style=\"height:100px\" aria-hidden=\"true\" class=\"wp-block-spacer\"><\/div>\n\n\n\n<div style=\"height:100px\" aria-hidden=\"true\" class=\"wp-block-spacer\"><\/div>\n\n\n\n<hr class=\"wp-block-separator has-alpha-channel-opacity\"\/>\n\n\n\n<figure class=\"wp-block-image size-full\"><img decoding=\"async\" loading=\"lazy\" width=\"960\" height=\"720\" src=\"https:\/\/isfd86-bue.infd.edu.ar\/sitio\/wp-content\/uploads\/2024\/11\/PRE-INSCRIPCION-CICLO-LECTIVO-2025-RETIRO-DE-CUADERNILLO-25102024.jpg\" alt=\"\" class=\"wp-image-4406\" srcset=\"https:\/\/isfd86-bue.infd.edu.ar\/sitio\/wp-content\/uploads\/2024\/11\/PRE-INSCRIPCION-CICLO-LECTIVO-2025-RETIRO-DE-CUADERNILLO-25102024.jpg 960w, https:\/\/isfd86-bue.infd.edu.ar\/sitio\/wp-content\/uploads\/2024\/11\/PRE-INSCRIPCION-CICLO-LECTIVO-2025-RETIRO-DE-CUADERNILLO-25102024-768x576.jpg 768w\" sizes=\"(max-width: 960px) 100vw, 960px\" \/><\/figure>\n\n\n\n<p><\/p>\n\n\n\n<div style=\"height:1px\" aria-hidden=\"true\" class=\"wp-block-spacer\"><\/div>\n\n\n\n<figure class=\"wp-block-image size-full\"><img decoding=\"async\" loading=\"lazy\" width=\"1280\" height=\"720\" src=\"https:\/\/isfd86-bue.infd.edu.ar\/sitio\/wp-content\/uploads\/2024\/06\/Diapositiva1.jpg\" alt=\"\" class=\"wp-image-4307\" srcset=\"https:\/\/isfd86-bue.infd.edu.ar\/sitio\/wp-content\/uploads\/2024\/06\/Diapositiva1.jpg 1280w, https:\/\/isfd86-bue.infd.edu.ar\/sitio\/wp-content\/uploads\/2024\/06\/Diapositiva1-1000x563.jpg 1000w, https:\/\/isfd86-bue.infd.edu.ar\/sitio\/wp-content\/uploads\/2024\/06\/Diapositiva1-768x432.jpg 768w\" sizes=\"(max-width: 1280px) 100vw, 1280px\" \/><\/figure>\n\n\n\n<figure class=\"wp-block-image\"><img alt=\"\"\/><\/figure>\n\n\n\n<div class=\"wp-block-columns is-layout-flex wp-container-28\">\n<div class=\"wp-block-column is-layout-flow\" style=\"flex-basis:100%\">\n<div class=\"wp-block-columns is-layout-flex wp-container-26\">\n<div class=\"wp-block-column is-layout-flow\">\n<figure class=\"wp-block-image size-full\"><a href=\"https:\/\/www.facebook.com\/profile.php?id=100064596728994&amp;locale=es_LA\" target=\"_blank\" rel=\"noreferrer noopener\"><img decoding=\"async\" loading=\"lazy\" width=\"317\" height=\"132\" src=\"https:\/\/isfd86-bue.infd.edu.ar\/sitio\/wp-content\/uploads\/2024\/06\/Captura-seguinos-en-facebook-6.jpg\" alt=\"\" class=\"wp-image-4294\"\/><\/a><\/figure>\n<\/div>\n\n\n\n<div class=\"wp-block-column is-layout-flow\">\n<figure class=\"wp-block-image size-full\"><a href=\"https:\/\/www.instagram.com\/isfd86sayhueque\/\" target=\"_blank\" rel=\"noreferrer noopener\"><img decoding=\"async\" loading=\"lazy\" width=\"436\" height=\"149\" src=\"https:\/\/isfd86-bue.infd.edu.ar\/sitio\/wp-content\/uploads\/2024\/06\/Captura-seguinos-en-Instagram-7.jpg\" alt=\"\" class=\"wp-image-4297\"\/><\/a><\/figure>\n<\/div>\n<\/div>\n<\/div>\n<\/div>\n\n\n\n<div style=\"height:70px\" aria-hidden=\"true\" class=\"wp-block-spacer\"><\/div>\n\n\n\n<div style=\"height:100px\" aria-hidden=\"true\" class=\"wp-block-spacer\"><\/div>\n\n\n\n<div style=\"height:59px\" aria-hidden=\"true\" class=\"wp-block-spacer\"><\/div>\n\n\n\n<p><\/p>\n\n\n\n<p><\/p>\n\n\n\n<p><\/p>\n\n\n\n<p><\/p>\n\n\n\n<p><\/p>\n\n\n\n<p><\/p>\n\n\n\n<p><\/p>\n\n\n\n<p><\/p>\n\n\n\n<p><\/p>\n\n\n\n<p><\/p>\n\n\n\n<hr class=\"wp-block-separator has-alpha-channel-opacity\"\/>\n\n\n\n<!--more fin de p\u00e1gina-->\n\n\n\n<p><\/p>\n\n\n\n<p class=\"has-large-font-size\">LISTADO DE INGRESANTES 2025 POR COMISION (A-B-C-D)<\/p>\n\n\n\n<p>COMISI\u00d3N A:<\/p>\n\n\n\n<p><a href=\"https:\/\/drive.google.com\/file\/d\/1ZTUmb4GRbsGt2kZXwJ_MVi7ihzH9Fo4J\/view?usp=sharing\">https:\/\/drive.google.com\/file\/d\/1ZTUmb4GRbsGt2kZXwJ_MVi7ihzH9Fo4J\/view?usp=sharing<\/a><\/p>\n\n\n\n<p>COMISI\u00d3N B:<\/p>\n\n\n\n<p><a href=\"https:\/\/drive.google.com\/file\/d\/1ZlSqQE7P6msMdK7Rj5fpDrsXuqCnFxuE\/view?usp=sharing\">https:\/\/drive.google.com\/file\/d\/1ZlSqQE7P6msMdK7Rj5fpDrsXuqCnFxuE\/view?usp=sharing<\/a><\/p>\n\n\n\n<p>COMISI\u00d3N C: <\/p>\n\n\n\n<p><a href=\"https:\/\/drive.google.com\/file\/d\/1_slFXzXZa25q5Wo2Q54lrNFIcG9l27Ha\/view?usp=sharing\">https:\/\/drive.google.com\/file\/d\/1_slFXzXZa25q5Wo2Q54lrNFIcG9l27Ha\/view?usp=sharing<\/a><\/p>\n\n\n\n<p>COMISI\u00d3N D: <\/p>\n\n\n\n<p><a href=\"https:\/\/drive.google.com\/file\/d\/1LYTCHIgaMJIMr7ff20_veVgWMCTGLDVE\/view?usp=sharing\">https:\/\/drive.google.com\/file\/d\/1LYTCHIgaMJIMr7ff20_veVgWMCTGLDVE\/view?usp=sharing<\/a><\/p>\n\n\n\n<p><\/p>\n\n\n\n<p class=\"has-large-font-size\">CRONOGRAMA INICIAL PARA INGRESANTES 2025 <\/p>\n\n\n\n<p class=\"has-large-font-size\">CRONOGRAMA DE ACTIVIDADES INGRESANTES 2025 POR COMISIONES (A &#8211; B &#8211; C &#8211; D). <\/p>\n\n\n<div class=\"wp-block-image\">\n<figure class=\"aligncenter size-full\"><img decoding=\"async\" loading=\"lazy\" width=\"479\" height=\"464\" src=\"https:\/\/isfd86-bue.infd.edu.ar\/sitio\/wp-content\/uploads\/2025\/03\/WhatsApp-Image-2025-03-22-at-10.43.26-1.jpeg\" alt=\"\" class=\"wp-image-4523\"\/><\/figure><\/div>\n\n<div class=\"wp-block-image\">\n<figure class=\"aligncenter size-full\"><img decoding=\"async\" loading=\"lazy\" width=\"479\" height=\"464\" src=\"https:\/\/isfd86-bue.infd.edu.ar\/sitio\/wp-content\/uploads\/2025\/03\/WhatsApp-Image-2025-03-22-at-10.43.27.jpeg\" alt=\"\" class=\"wp-image-4524\"\/><\/figure><\/div>\n\n<div class=\"wp-block-image\">\n<figure class=\"aligncenter size-full\"><img decoding=\"async\" loading=\"lazy\" width=\"479\" height=\"464\" src=\"https:\/\/isfd86-bue.infd.edu.ar\/sitio\/wp-content\/uploads\/2025\/03\/WhatsApp-Image-2025-03-22-at-10.43.26-1-1.jpeg\" alt=\"\" class=\"wp-image-4525\"\/><\/figure><\/div>\n\n<div class=\"wp-block-image\">\n<figure class=\"aligncenter size-full\"><img decoding=\"async\" loading=\"lazy\" width=\"479\" height=\"464\" src=\"https:\/\/isfd86-bue.infd.edu.ar\/sitio\/wp-content\/uploads\/2025\/03\/WhatsApp-Image-2025-03-22-at-10.43.26-2.jpeg\" alt=\"\" class=\"wp-image-4526\"\/><\/figure><\/div>\n\n<div class=\"wp-block-image\">\n<figure class=\"aligncenter size-full\"><img decoding=\"async\" loading=\"lazy\" width=\"479\" height=\"464\" src=\"https:\/\/isfd86-bue.infd.edu.ar\/sitio\/wp-content\/uploads\/2025\/03\/WhatsApp-Image-2025-03-22-at-10.43.26-3.jpeg\" alt=\"\" class=\"wp-image-4527\"\/><\/figure><\/div>\n\n\n<p class=\"has-large-font-size\"><strong>01\/03\/2025<\/strong>-LISTADO DEL SORTEO 2025<\/p>\n\n\n\n<p class=\"has-text-align-center has-medium-font-size\">\u00a1SE INFORMA QUE NO SE NECESIT\u00d3 DEL SORTEO YA QUE INGRESARON TODOS LOS ESTUDIANTES A LA INSTITUCI\u00d3N!<\/p>\n\n\n\n<p><\/p>\n\n\n\n<p><\/p>\n\n\n\n<p><\/p>\n\n\n\n<p><\/p>\n\n\n\n<p><\/p>\n","protected":false},"excerpt":{"rendered":"<p>PLAN DE ESTUDIOS y CORRELATIVIDADES Resoluci\u00f3n del Profesorado de Educaci\u00f3n F\u00edsica N\u00b02432\/09 NUEVO R\u00c9GIMEN DE CORRELATIVIDADES \u2013 ANEXO 5 Ed. F\u00edsica. https:\/\/www.isfd86.org\/turnosi86\/pages\/inscripciones.php<\/p>\n","protected":false},"author":2313,"featured_media":0,"parent":0,"menu_order":0,"comment_status":"closed","ping_status":"closed","template":"","meta":[],"acf":[],"_links":{"self":[{"href":"https:\/\/isfd86-bue.infd.edu.ar\/sitio\/wp-json\/wp\/v2\/pages\/2422"}],"collection":[{"href":"https:\/\/isfd86-bue.infd.edu.ar\/sitio\/wp-json\/wp\/v2\/pages"}],"about":[{"href":"https:\/\/isfd86-bue.infd.edu.ar\/sitio\/wp-json\/wp\/v2\/types\/page"}],"author":[{"embeddable":true,"href":"https:\/\/isfd86-bue.infd.edu.ar\/sitio\/wp-json\/wp\/v2\/users\/2313"}],"replies":[{"embeddable":true,"href":"https:\/\/isfd86-bue.infd.edu.ar\/sitio\/wp-json\/wp\/v2\/comments?post=2422"}],"version-history":[{"count":181,"href":"https:\/\/isfd86-bue.infd.edu.ar\/sitio\/wp-json\/wp\/v2\/pages\/2422\/revisions"}],"predecessor-version":[{"id":4772,"href":"https:\/\/isfd86-bue.infd.edu.ar\/sitio\/wp-json\/wp\/v2\/pages\/2422\/revisions\/4772"}],"wp:attachment":[{"href":"https:\/\/isfd86-bue.infd.edu.ar\/sitio\/wp-json\/wp\/v2\/media?parent=2422"}],"curies":[{"name":"wp","href":"https:\/\/api.w.org\/{rel}","templated":true}]}}