{"id":2386,"date":"2021-06-10T09:25:57","date_gmt":"2021-06-10T12:25:57","guid":{"rendered":"https:\/\/isfd86-bue.infd.edu.ar\/sitio\/?page_id=2386"},"modified":"2021-06-10T09:25:57","modified_gmt":"2021-06-10T12:25:57","slug":"disenos-curriculares-de-educacion-fisica","status":"publish","type":"page","link":"https:\/\/isfd86-bue.infd.edu.ar\/sitio\/disenos-curriculares-de-educacion-fisica\/","title":{"rendered":"DISE\u00d1OS CURRICULARES DE EDUCACI\u00d2N F\u00ccSICA"},"content":{"rendered":"<p>DISE\u00d1OS CURRICULARES\u00a0 DE EDUCACI\u00d2N F\u00ccSICA,ANTERIORES AL A\u00d1O VIVGENTE DE NIVEL INICIAL, PRIMARIO Y SECUNDARIO<\/p>\n<p>&nbsp;<\/p>\n<p>&nbsp;<\/p>\n<p><a href=\"https:\/\/isfd86-bue.infd.edu.ar\/sitio\/wp-content\/uploads\/2021\/06\/Dise\u00f1o-curricular-Plan-Anterior-Ed-F\u00edsica.pdf\">Dise\u00f1o curricular Plan Anterior Ed F<\/a><a href=\"https:\/\/isfd86-bue.infd.edu.ar\/sitio\/wp-content\/uploads\/2021\/06\/Dise\u00f1o-curricular-Plan-Anterior-Ed-F\u00edsica-1.pdf\">Dise\u00f1o curricular Plan Anterior Ed F\u00edsica<\/a><a href=\"https:\/\/isfd86-bue.infd.edu.ar\/sitio\/wp-content\/uploads\/2021\/06\/Educacion-Fisica-Primer-Ciclo.pdf\">Educacion Fisica Primer Ciclo<\/a><a href=\"https:\/\/isfd86-bue.infd.edu.ar\/sitio\/wp-content\/uploads\/2021\/06\/Educacion-Fisica-Segundo-Ciclo.pdf\">Educa<\/a><a href=\"https:\/\/isfd86-bue.infd.edu.ar\/sitio\/wp-content\/uploads\/2021\/06\/Dise\u00f1o-Curricular-para-la-Educaci\u00f3n-Secundaria-1\u00b0-A\u00f1o.pdf\">Dise\u00f1o Curricular para la Educaci\u00f3n Secundaria &#8211; 1\u00b0 A\u00f1o<\/a><a href=\"https:\/\/isfd86-bue.infd.edu.ar\/sitio\/wp-content\/uploads\/2021\/06\/Dise\u00f1o-Curricular-para-la-Educaci\u00f3n-Secundaria-2\u00b0.pdf\">Dise\u00f1o Curricular para la Educaci\u00f3n Secundaria &#8211; 2\u00b0<\/a><a href=\"https:\/\/isfd86-bue.infd.edu.ar\/sitio\/wp-content\/uploads\/2021\/06\/Dise\u00f1o-Curricular-para-la-Educaci\u00f3n-Secundaria-3\u00b0-A\u00f1o.pdf\">Dise\u00f1o Curricular para la Educaci\u00f3n Secundaria &#8211; 3\u00b0 A\u00f1o<\/a><a href=\"https:\/\/isfd86-bue.infd.edu.ar\/sitio\/wp-content\/uploads\/2021\/06\/Dise\u00f1o-Curricular-para-la-Educaci\u00f3n-Secundaria-EF-4\u00b0.pdf\">Dise\u00f1o Curricular para la Educaci\u00f3n Secundaria EF 4\u00b0<\/a><a href=\"https:\/\/isfd86-bue.infd.edu.ar\/sitio\/wp-content\/uploads\/2021\/06\/Dise\u00f1o-Curricular-para-la-Educaci\u00f3n-Secundaria-EF-5\u00b0.pdf\">Dise\u00f1o Curricular para la Educaci\u00f3n Secundaria EF 5\u00b0<\/a><a href=\"https:\/\/isfd86-bue.infd.edu.ar\/sitio\/wp-content\/uploads\/2021\/06\/Dise\u00f1o-Curricular-para-la-Educaci\u00f3n-Secundaria-EF-6\u00b0.pdf\">Dise\u00f1o Curricular para la Educaci\u00f3n Secundaria EF 6\u00b0<\/a><a href=\"https:\/\/isfd86-bue.infd.edu.ar\/sitio\/wp-content\/uploads\/2021\/06\/Educacion-Fisica-Segundo-Ciclo.pdf\">cion Fisica Segundo Ciclo<\/a><a href=\"https:\/\/isfd86-bue.infd.edu.ar\/sitio\/wp-content\/uploads\/2021\/06\/Dise\u00f1o-curricular-Plan-Anterior-Ed-F\u00edsica.pdf\">\u00edsica<\/a><\/p>\n","protected":false},"excerpt":{"rendered":"<p>DISE\u00d1OS CURRICULARES\u00a0 DE EDUCACI\u00d2N F\u00ccSICA,ANTERIORES AL A\u00d1O VIVGENTE DE NIVEL INICIAL, PRIMARIO Y SECUNDARIO &nbsp; &nbsp; Dise\u00f1o curricular Plan Anterior Ed FDise\u00f1o curricular Plan Anterior Ed F\u00edsicaEducacion Fisica Primer CicloEducaDise\u00f1o Curricular para la Educaci\u00f3n Secundaria &#8211; 1\u00b0 A\u00f1oDise\u00f1o Curricular para la Educaci\u00f3n Secundaria &#8211; 2\u00b0Dise\u00f1o Curricular para la Educaci\u00f3n Secundaria &#8211; 3\u00b0 A\u00f1oDise\u00f1o Curricular para &#8230; <a title=\"DISE\u00d1OS CURRICULARES DE EDUCACI\u00d2N F\u00ccSICA\" class=\"read-more\" href=\"https:\/\/isfd86-bue.infd.edu.ar\/sitio\/disenos-curriculares-de-educacion-fisica\/\" aria-label=\"More on DISE\u00d1OS CURRICULARES DE EDUCACI\u00d2N F\u00ccSICA\">[+]<\/a><\/p>\n","protected":false},"author":2607,"featured_media":0,"parent":0,"menu_order":0,"comment_status":"closed","ping_status":"closed","template":"","meta":[],"acf":[],"_links":{"self":[{"href":"https:\/\/isfd86-bue.infd.edu.ar\/sitio\/wp-json\/wp\/v2\/pages\/2386"}],"collection":[{"href":"https:\/\/isfd86-bue.infd.edu.ar\/sitio\/wp-json\/wp\/v2\/pages"}],"about":[{"href":"https:\/\/isfd86-bue.infd.edu.ar\/sitio\/wp-json\/wp\/v2\/types\/page"}],"author":[{"embeddable":true,"href":"https:\/\/isfd86-bue.infd.edu.ar\/sitio\/wp-json\/wp\/v2\/users\/2607"}],"replies":[{"embeddable":true,"href":"https:\/\/isfd86-bue.infd.edu.ar\/sitio\/wp-json\/wp\/v2\/comments?post=2386"}],"version-history":[{"count":1,"href":"https:\/\/isfd86-bue.infd.edu.ar\/sitio\/wp-json\/wp\/v2\/pages\/2386\/revisions"}],"predecessor-version":[{"id":2397,"href":"https:\/\/isfd86-bue.infd.edu.ar\/sitio\/wp-json\/wp\/v2\/pages\/2386\/revisions\/2397"}],"wp:attachment":[{"href":"https:\/\/isfd86-bue.infd.edu.ar\/sitio\/wp-json\/wp\/v2\/media?parent=2386"}],"curies":[{"name":"wp","href":"https:\/\/api.w.org\/{rel}","templated":true}]}}