{"id":2309,"date":"2021-04-16T09:37:26","date_gmt":"2021-04-16T12:37:26","guid":{"rendered":"https:\/\/isfd86-bue.infd.edu.ar\/sitio\/?page_id=2309"},"modified":"2021-05-03T13:27:31","modified_gmt":"2021-05-03T16:27:31","slug":"donacion-de-cuadernillos-para-biblioteca","status":"publish","type":"page","link":"https:\/\/isfd86-bue.infd.edu.ar\/sitio\/donacion-de-cuadernillos-para-biblioteca\/","title":{"rendered":"DONACI\u00d3N DE CUADERNILLOS PARA BIBLIOTECA."},"content":{"rendered":"<p><span style=\"color: #0000ff;\">HOLA BUENOS D\u00cdAS TENGAN TODOS USTEDES, LES PASO A INFORMAR QUE HEMOS RECIBIDO OTRA DONACI\u00d3N M\u00c1S DE CUADERNILLOS Y RESUMENES\u00a0 YA UTILIZADOS, POR OTRO EX-ALUMNO DE NUESTRA INSTITUCI\u00d3N. LOS MISMOS SE ENCONTRAR\u00c1N A SU DISPOSICI\u00d3N EN LA BIBLIOTECA PARA SU USO, Y PARA RETIRARLOS A DOMICILIO.<\/span><\/p>\n<p><span style=\"color: #0000ff;\"><span style=\"color: #008080;\">ESTOS CUADERNILLOS SON DE LAS SIGUIENTES MATERIAS<\/span>:<\/span><\/p>\n<ul>\n<li><span style=\"color: #0000ff;\">INSTRUCTORADO SUPERIOR DE SOBRECARGA<\/span><\/li>\n<li><span style=\"color: #0000ff;\">OBESIDAD INFANTIL (LIBRO DE AUTOAYUDA-SALUD)<\/span><\/li>\n<li><span style=\"color: #0000ff;\">CUADERNILLO DE RUGBY (INTERNACIONAL RUGBY BOARD-COACHING X 4 LIBROS)<\/span><\/li>\n<li><span style=\"color: #0000ff;\">INTRODUCCI\u00d3N A LA TEOR\u00cdA GENERAL Y M\u00c9TODOS DE ENSE\u00d1ANZA<\/span><\/li>\n<li><span style=\"color: #0000ff;\">LA ORGANIZACI\u00d3N Y DESARROLLO PSICOMOTOR Y PSICOMOTRICIDAD.<\/span><\/li>\n<li><span style=\"color: #0000ff;\">M\u00d3DULO 1 DE VOLEIBOL<\/span><\/li>\n<li><span style=\"color: #0000ff;\">CENTRO DE FOMACI\u00d3N Y CAPACITACI\u00d3N EN EL DEPORTE (x 2)<\/span><\/li>\n<li><span style=\"color: #0000ff;\">PREPARADOR F\u00cdSICO DEPORTIVO<\/span><\/li>\n<li><span style=\"color: #0000ff;\">INSTRUCTORADO DE TAE-BOX- COMBAT<\/span><\/li>\n<li><span style=\"color: #0000ff;\">PREPARADOR F\u00cdSICO DEPORTIVO<\/span><\/li>\n<li><span style=\"color: #0000ff;\">INSTRUCTORADO SUPERIOR EN AER\u00d3BICA, STEP Y LOCALIZADA<\/span><\/li>\n<li><span style=\"color: #0000ff;\">CUADERNILLO DE INGRESO AL PROFESORADO EN EDUCACI\u00d3N F\u00cdSCA DEL ISFD N\u00b086 DEL A\u00d1O 2007<\/span><\/li>\n<li><span style=\"color: #0000ff;\">INSTRUCTORADO SUPERIOR EN FITNESS GRUPAL<\/span><\/li>\n<li><span style=\"color: #0000ff;\">CUADERNILLO DE EJERCICIOS DIN\u00c1MICOS: ARRANQUE Y ENVI\u00d3N<\/span><\/li>\n<li><span style=\"color: #0000ff;\">CUADERNILLO DE NATACI\u00d3N: ENSE\u00d1ANZA Y T\u00c9CNICA<\/span><\/li>\n<li><span style=\"color: #0000ff;\">CUADERNILLO DE QUINTO CURSO DE APOYO DE NATACI\u00d3N DEL CLUB ATL\u00c9TICO LINIERS DE BAH\u00cdA BLANCA<\/span><\/li>\n<li><span style=\"color: #0000ff;\">MATERIAL BIBLIOGR\u00c1FICO DE HOCKEY<\/span><\/li>\n<li><span style=\"color: #0000ff;\">CUADERNILLO DE LOS ORGANIZADORES DEL DESARROLLO PSICOMOTOR: DEL MECANISMO A LA PSICOMOTRICIDAD OPERATIVA.<\/span><\/li>\n<li><span style=\"color: #0000ff;\">CUADERNILLO DE SOFTBALL: T\u00c9CNICAS Y METODOLOG\u00cdAS.<\/span><\/li>\n<\/ul>\n<p><span style=\"color: #0000ff;\">CONTAMOS TAMBI\u00c9N CON UNA DONACI\u00d3N DE UN ALUMNO NUESTRO DE 4\u00b0A\u00d1O, DE RESUMENES Y CUADERNILLOS YA UTILIZADOS, POR \u00c9L, DE NUESTRA INSTITUCI\u00d3N. LOS MISMOS SE ENCUENTRAN TAMBI\u00c9N A SU DISPOSICI\u00d3N EN LA BIBLIOTECA PARA SU USO, Y PARA RETIRARLOS A DOMICILIO.<\/span><\/p>\n<p><span style=\"color: #008080;\">ESTOS CUADERNILLOS SON DE LAS SIGUIENTES MATERIAS:<\/span><\/p>\n<ul>\n<li><span style=\"color: #0000ff;\">ATLETISMO DE 2\u00b0 A\u00d1O<\/span><\/li>\n<li><span style=\"color: #0000ff;\">TFO DE ACU\u00c1TICA DE 2\u00b0A\u00d1O<\/span><\/li>\n<li><span style=\"color: #0000ff;\">HISTORIA DE 1\u00b0 A\u00d1O<\/span><\/li>\n<li><span style=\"color: #0000ff;\">HISTORIA DE 3\u00b0 A\u00d1O<\/span><\/li>\n<li><span style=\"color: #0000ff;\">PTICAS. DE LA NATURALEZA AL AIRE LIBRE DE 3\u00b0 A\u00d1O<\/span><\/li>\n<li><span style=\"color: #0000ff;\">D.DE LAS P.DEPORTIVAS III (B\u00c1SQUET) 3\u00b0 A\u00d1O<\/span><\/li>\n<li><span style=\"color: #0000ff;\">D.DE LAS P. DEPORTIVAS III (HANDBALL) 3\u00b0A\u00d1O<\/span><\/li>\n<li><span style=\"color: #0000ff;\">PSICOLOG\u00cdA DE 2\u00b0 A\u00d1O<\/span><\/li>\n<li><span style=\"color: #0000ff;\">ANTROPOLOG\u00cdA DE 4\u00b0<\/span><\/li>\n<li><span style=\"color: #0000ff;\">TFO PRIMEROS AUXILIOS 4\u00b0<\/span><\/li>\n<li><span style=\"color: #0000ff;\">TFO EVALUACI\u00d3N 4\u00b0A\u00d1O<\/span><\/li>\n<li><span style=\"color: #0000ff;\">CAMPO DE LA PTICA. II 2\u00b0A\u00d1O<\/span><\/li>\n<li><span style=\"color: #0000ff;\">D.DE LAS PTICAS DEPORTIVAS I (SOFTBALL) DE 2\u00b0 A\u00d1O<\/span><\/li>\n<li><span style=\"color: #0000ff;\">TFO GESTI\u00d3N Y ORGANIZACI\u00d3N DE EVENTOS DE 4\u00b0 A\u00d1O<\/span><\/li>\n<li><span style=\"color: #0000ff;\">PEDAGOG\u00cdA CR\u00cdTICA DE 4\u00b0A\u00d1O<\/span><\/li>\n<li><span style=\"color: #0000ff;\">D DE LAS P.D. I (VOLEYBOL) DE 2\u00b0A\u00d1O<\/span><\/li>\n<li><span style=\"color: #0000ff;\">DID\u00c1CTICA Y CURR\u00cdCULUM DE 2\u00b0A\u00d1O<\/span><\/li>\n<li><span style=\"color: #0000ff;\">FISIOLOG\u00cdA DE LA MOTRICIDAD DE 2\u00b0A\u00d1O<\/span><\/li>\n<\/ul>\n<p><span style=\"color: #008080;\">HOLA BUENOS D\u00cdAS TENGAN TODOS USTEDES, LES PASO A INFORMAR QUE HEMOS RECIBIDO OTRA DONACI\u00d3N M\u00c1S DE CUADERNILLOS Y RESUMENES\u00a0 YA UTILIZADOS, POR UN PROFE DE NUESTRA INSTITUCI\u00d3N RA\u00daL DUMRAUF. LOS MISMOS SE ENCUENTRAN DISPONIBLES EN LA BIBLIOTECA PERO C\u00d3MO HEMOS VUELTO A LA VIRTUALIDAD, POR EL MOMENTO NO PODR\u00c1N SER RETIRADOS YA QUE NO ME ENCUENTRO TRABAJANDO EN FORMA PRESENCIAL EN LA BIBLIOTECA SINO EN FORMA VIRTUAL.PERO CUANDO REGRESEMOS A LA PRESENCIALIDAD PODR\u00c1N RETIRARLOS Y LLEVARLOS A DOMICILIO E IGUALMENTE EL PR\u00c9STAMO SER\u00c1 DE UNA SEMANA NADA M\u00c1S.<\/span><\/p>\n<ul>\n<li><span style=\"color: #0000ff;\">CUADERNILLO DE DID\u00c1CTICA DE LAS PR\u00c1CTICAS GIMN\u00c1STICAS DE 3| A\u00d1O DEL 2016<\/span><\/li>\n<li><span style=\"color: #0000ff;\">CUADERNILLO DE DID\u00c1CTICAS DE LAS PR\u00c1CTICAS DEPORTIVAS II (B\u00c1SQUETBOL) DE 3\u00b0 2016<\/span><\/li>\n<li><span style=\"color: #0000ff;\">REGLAMENTOS DE H\u00c1NDBALL (POR 3 UNIDADES) DEL 2005<\/span><\/li>\n<li><span style=\"color: #0000ff;\">LA ENSE\u00d1ANZA DE LA EDUCACI\u00d3N F\u00cdSICA DE RA\u00daL HORACIO G\u00d3MEZ DEL 2007<\/span><\/li>\n<li><span style=\"color: #0000ff;\">CUADERNILLO DE PSICOLOG\u00cdA DE 2\u00b0 A\u00d1O (PERO NO TENGO EL A\u00d1O EXACTO)<\/span><\/li>\n<li><span style=\"color: #0000ff;\">CUADERNILLO DE CAMPO DE LA PR\u00c1CTICA DOCENTE II (M\u00d3DULO CON SELECCI\u00d3N BIBLIOGR\u00c1FICA DEL 2014)<\/span><\/li>\n<li><span style=\"color: #0000ff;\">MATERIAL BIBLIOGR\u00c1FICO DE JUEGO Y VIDA: LA CONDUCTA L\u00daDICA EN EL NI\u00d1O Y EL ADULTO DE HILDA CA\u00d1EQUE (2 VOL\u00daMENES) DEL A\u00d1O 1991<\/span><\/li>\n<li><span style=\"color: #0000ff;\">CUADERNILLO DE HISTORIA E INTRODUCCI\u00d3N A LA EDUCACI\u00d3N F\u00cdSICA: ACTIVIDADES, JUEGOS Y DEPORTES. (NO TENGO LA FECHA DE QU\u00c9 A\u00d1O ES)<\/span><\/li>\n<li><span style=\"color: #0000ff;\">LA INICIACI\u00d3N DEPORTIVA Y DEL DEPORTE ESCOLAR DE DOMINGO BL\u00c1ZQUEZ S\u00c1NCHEZ EDITORIAL INDE DE 1999.<\/span><\/li>\n<li><span style=\"color: #0000ff;\">CUADERNILLO DE TEOR\u00cdAS SOCIOPOL\u00cdTICAS DE 2\u00b0 A\u00d1O DEL 2014 DE LA PROFESORA DUTARI.<\/span><\/li>\n<li><span style=\"color: #0000ff;\">CUADERNILLO DE SOFTBOL DE LA PROFESORA SILVANA GATTI DE 2\u00b0A\u00d1O DEL 2014<\/span><\/li>\n<li><span style=\"color: #0000ff;\">CUADERNILLO DE CAMPO DE LA PR\u00c1CTICA DOCENTE I , DE 1\u00b0 DEL 2013<\/span><\/li>\n<li><span style=\"color: #0000ff;\">CUADERNILLO DE DID\u00c1CTICA DE LAS PR\u00c1CTICAS GIMN\u00c1STICAS II, DE 2\u00b0A\u00d1O DE LA PROFESORA RICCHOTTI NATALIA DEL 2015<\/span><\/li>\n<li><span style=\"color: #0000ff;\">CUADERNILLO DE LAS PRACTICAS DE LA RECREACI\u00d3N PARTICIPATIVA DE 2\u00b0 DE LA PROFESORA BIANCHINOTTI, CELIA DEL A\u00d1O 2012<\/span><\/li>\n<li><span style=\"color: #0000ff;\">CUADERNILLO DE DID\u00c1CTICA DE LAS PTICAS. ACU\u00c1TICAS DE 1\u00b0 A\u00d1O\u00a0 DE LA PROFESORA ANTONELLA, FIORE DEL A\u00d1O 2013<\/span><\/li>\n<li><span style=\"color: #0000ff;\">CUADERNILLO DE DID\u00c1CTICA DE LAS PTICAS DE LA NATURALEZA Y AL AIRE LIBRE DE 2\u00b0 A\u00d1O<\/span><\/li>\n<li><span style=\"color: #0000ff;\">LA EVALUACI\u00d3N DE LA E.F. EN PRIMARIA: UNA PROPUESTA PR\u00c1CTICA PARA EVALUAR AL ALUMNADO DE JOS\u00c9 SALES BLASCO DEL EDITORIAL INDE, 1997<\/span><\/li>\n<li><span style=\"color: #0000ff;\">LA ENSE\u00d1ANZA Y APRENDIZAJE DE LAS HABILIDADES MOTRICES B\u00c1SICAS DE JORDI, D\u00cdAZ LUCEA EDITORIAL INDE DE 1999<\/span><\/li>\n<li><span style=\"color: #0000ff;\">CUADERNILLO DE FILMINAS Y TEXTOS DEL TRAYECTO FORMATIVO. JEFATURA DE REGI\u00d3N XIV DE LA D.G.C. Y E. Y DE LA DIRECCI\u00d3N DE EDUCACI\u00d3N F\u00cdSICA.<\/span><\/li>\n<li><span style=\"color: #0000ff;\">CUADERNILLO DE LA E.F. EN EL PATIO DE JORGE RA\u00daL G\u00d3MEZ EDITORIAL STADIUM DEL 2002<\/span><\/li>\n<li><span style=\"color: #0000ff;\">CUADERNILLO DE LA E.F.\u00a0 UNA NUEVA MIRADA DE JORGE RA\u00daL G\u00d3MEZ EDITORIAL STADIUM DEL 2002<\/span><\/li>\n<li><span style=\"color: #0000ff;\">MATERIAL DE EDUCACI\u00d3N F\u00cdSICA, DEPORTE Y CURR\u00cdCULUM: INVESTIGACI\u00d3N Y DESARROLLO CURRICULAR DE JOS\u00c9, DEVIS DEVIS; EDITORIAL VISOR 1996<\/span><\/li>\n<li><span style=\"color: #0000ff;\">CUADERNILLO DE DID\u00c1CTICA DE LAS PTICAS. GIMN\u00c1STICAS I; DE 1\u00b0A\u00d1O (S.F.)<\/span><\/li>\n<li><span style=\"color: #0000ff;\">CUADERNILLO DE DID\u00c1CTICA DE LA E.F. EN EL NIVEL INICIAL Y PRIMARIO DE 2\u00b0 A\u00d1O DEL 2014.<\/span><\/li>\n<\/ul>\n<p>&nbsp;<\/p>\n<p><span style=\"color: #0000ff;\">\u00a0 \u00a0 \u00a0 \u00a0 \u00a0 \u00a0 \u00a0 \u00a0 \u00a0 \u00a0 \u00a0 \u00a0 \u00a0 \u00a0 \u00a0 \u00a0 \u00a0 \u00a0 \u00a0 \u00a0 \u00a0 \u00a0 \u00a0 \u00a0 \u00a0 \u00a0 \u00a0 \u00a0 \u00a0 \u00a0 \u00a0 \u00a0 \u00a0 \u00a0 \u00a0 \u00a0 \u00a0 \u00a0 \u00a0 \u00a0 \u00a0 \u00a0 \u00a0 \u00a0 \u00a0 \u00a0 \u00a0 \u00a0 \u00a0 \u00a0 \u00a0 \u00a0 \u00a0 \u00a0 \u00a0 \u00a0 \u00a0 \u00a0 \u00a0 \u00a0 \u00a0 \u00a0 \u00a0 \u00a0 \u00a0 \u00a0<span style=\"color: #ff00ff;\"> \u00a0 \u00a0 \u00a0 \u00a0 \u00a0 GRACIAS BIBLIOTECA.<\/span><\/span><\/p>\n","protected":false},"excerpt":{"rendered":"<p>HOLA BUENOS D\u00cdAS TENGAN TODOS USTEDES, LES PASO A INFORMAR QUE HEMOS RECIBIDO OTRA DONACI\u00d3N M\u00c1S DE CUADERNILLOS Y RESUMENES\u00a0 YA UTILIZADOS, POR OTRO EX-ALUMNO DE NUESTRA INSTITUCI\u00d3N. LOS MISMOS SE ENCONTRAR\u00c1N A SU DISPOSICI\u00d3N EN LA BIBLIOTECA PARA SU USO, Y PARA RETIRARLOS A DOMICILIO. ESTOS CUADERNILLOS SON DE LAS SIGUIENTES MATERIAS: INSTRUCTORADO SUPERIOR &#8230; <a title=\"DONACI\u00d3N DE CUADERNILLOS PARA BIBLIOTECA.\" class=\"read-more\" href=\"https:\/\/isfd86-bue.infd.edu.ar\/sitio\/donacion-de-cuadernillos-para-biblioteca\/\" aria-label=\"More on DONACI\u00d3N DE CUADERNILLOS PARA BIBLIOTECA.\">[+]<\/a><\/p>\n","protected":false},"author":2607,"featured_media":0,"parent":0,"menu_order":0,"comment_status":"closed","ping_status":"closed","template":"","meta":[],"acf":[],"_links":{"self":[{"href":"https:\/\/isfd86-bue.infd.edu.ar\/sitio\/wp-json\/wp\/v2\/pages\/2309"}],"collection":[{"href":"https:\/\/isfd86-bue.infd.edu.ar\/sitio\/wp-json\/wp\/v2\/pages"}],"about":[{"href":"https:\/\/isfd86-bue.infd.edu.ar\/sitio\/wp-json\/wp\/v2\/types\/page"}],"author":[{"embeddable":true,"href":"https:\/\/isfd86-bue.infd.edu.ar\/sitio\/wp-json\/wp\/v2\/users\/2607"}],"replies":[{"embeddable":true,"href":"https:\/\/isfd86-bue.infd.edu.ar\/sitio\/wp-json\/wp\/v2\/comments?post=2309"}],"version-history":[{"count":3,"href":"https:\/\/isfd86-bue.infd.edu.ar\/sitio\/wp-json\/wp\/v2\/pages\/2309\/revisions"}],"predecessor-version":[{"id":2329,"href":"https:\/\/isfd86-bue.infd.edu.ar\/sitio\/wp-json\/wp\/v2\/pages\/2309\/revisions\/2329"}],"wp:attachment":[{"href":"https:\/\/isfd86-bue.infd.edu.ar\/sitio\/wp-json\/wp\/v2\/media?parent=2309"}],"curies":[{"name":"wp","href":"https:\/\/api.w.org\/{rel}","templated":true}]}}