{"id":1647,"date":"2020-06-29T17:13:19","date_gmt":"2020-06-29T20:13:19","guid":{"rendered":"https:\/\/isfd86-bue.infd.edu.ar\/sitio\/?page_id=1647"},"modified":"2021-04-06T22:38:27","modified_gmt":"2021-04-07T01:38:27","slug":"30-aniversario","status":"publish","type":"page","link":"https:\/\/isfd86-bue.infd.edu.ar\/sitio\/30-aniversario\/","title":{"rendered":"30\u00b0 Aniversario"},"content":{"rendered":"<h2>En el marco de festejos de nuestros <span style=\"color: #ff0000;\"><em>30 A\u00f1os<\/em><\/span> abrimos este espacio de socializaci\u00f3n de las actividades realizadas<\/h2>\n<p><a href=\"https:\/\/drive.google.com\/file\/d\/1UnWVMLuCs1IX_So3L9DhST-LgwJlUSQy\/view?usp=sharing\">Video de homenaje a los veteranos de guerra y ca\u00eddos en Malvinas.<\/a><\/p>\n<p><img decoding=\"async\" loading=\"lazy\" class=\"alignnone size-medium wp-image-2253\" src=\"https:\/\/isfd86-bue.infd.edu.ar\/sitio\/wp-content\/uploads\/2021\/03\/WhatsApp-Image-2021-03-29-at-17.37.38-1000x614.jpeg\" alt=\"\" width=\"1000\" height=\"614\" srcset=\"https:\/\/isfd86-bue.infd.edu.ar\/sitio\/wp-content\/uploads\/2021\/03\/WhatsApp-Image-2021-03-29-at-17.37.38-1000x614.jpeg 1000w, https:\/\/isfd86-bue.infd.edu.ar\/sitio\/wp-content\/uploads\/2021\/03\/WhatsApp-Image-2021-03-29-at-17.37.38-768x472.jpeg 768w, https:\/\/isfd86-bue.infd.edu.ar\/sitio\/wp-content\/uploads\/2021\/03\/WhatsApp-Image-2021-03-29-at-17.37.38.jpeg 1024w\" sizes=\"(max-width: 1000px) 100vw, 1000px\" \/><\/p>\n<h1>* Conversatorio de la Dra. Stefanelli Sof\u00eda<\/h1>\n<p><a href=\"https:\/\/drive.google.com\/file\/d\/1oxKlRhETu48KqKW-__wLyBcMX3K4Rz4Y\/view?usp=sharing\">Video Conversatorio libro<\/a><\/p>\n<p><img decoding=\"async\" loading=\"lazy\" class=\"alignnone size-full wp-image-1934\" src=\"https:\/\/isfd86-bue.infd.edu.ar\/sitio\/wp-content\/uploads\/2020\/11\/WhatsApp-Image-2020-11-05-at-19.56.02.jpeg\" alt=\"\" width=\"936\" height=\"527\" srcset=\"https:\/\/isfd86-bue.infd.edu.ar\/sitio\/wp-content\/uploads\/2020\/11\/WhatsApp-Image-2020-11-05-at-19.56.02.jpeg 936w, https:\/\/isfd86-bue.infd.edu.ar\/sitio\/wp-content\/uploads\/2020\/11\/WhatsApp-Image-2020-11-05-at-19.56.02-768x432.jpeg 768w\" sizes=\"(max-width: 936px) 100vw, 936px\" \/><\/p>\n<h1>* Taller de Softbol en la escuela<\/h1>\n<p><img decoding=\"async\" loading=\"lazy\" class=\"alignnone size-full wp-image-1909\" src=\"https:\/\/isfd86-bue.infd.edu.ar\/sitio\/wp-content\/uploads\/2020\/10\/WhatsApp-Image-2020-10-20-at-17.11.12.jpeg\" alt=\"\" width=\"937\" height=\"524\" srcset=\"https:\/\/isfd86-bue.infd.edu.ar\/sitio\/wp-content\/uploads\/2020\/10\/WhatsApp-Image-2020-10-20-at-17.11.12.jpeg 937w, https:\/\/isfd86-bue.infd.edu.ar\/sitio\/wp-content\/uploads\/2020\/10\/WhatsApp-Image-2020-10-20-at-17.11.12-768x429.jpeg 768w\" sizes=\"(max-width: 937px) 100vw, 937px\" \/><\/p>\n<h1><a href=\"https:\/\/drive.google.com\/file\/d\/1gsCaBwg1xrx38QAlTAgfed7pbjQOL-7u\/view?usp=sharing\">Video Taller de Softbol en la escuela<\/a><\/h1>\n<h1>* Intertribus 2020<\/h1>\n<p><img decoding=\"async\" loading=\"lazy\" class=\"size-full wp-image-1807 aligncenter\" src=\"https:\/\/isfd86-bue.infd.edu.ar\/sitio\/wp-content\/uploads\/2020\/10\/Intertribus.png\" alt=\"\" width=\"486\" height=\"487\" \/><\/p>\n<p><a href=\"https:\/\/isfd86-bue.infd.edu.ar\/sitio\/wp-content\/uploads\/2020\/10\/PROYECTO-INTERTRIBUS-2020-.pdf\">PROYECTO INTERTRIBUS 2020<\/a><\/p>\n<h1>* Conversatorio \u00abLa educaci\u00f3n F\u00edsica en tiempos de Pandemia\u00bb<\/h1>\n<p><a href=\"https:\/\/drive.google.com\/file\/d\/1OnkGvyN6pyYTnxwTCmBi9HeCRcNKJ-Fq\/view?usp=sharing\">VIDEO CONVERSATORIO<\/a><\/p>\n<p><img decoding=\"async\" loading=\"lazy\" class=\"size-full wp-image-1805 aligncenter\" src=\"https:\/\/isfd86-bue.infd.edu.ar\/sitio\/wp-content\/uploads\/2020\/10\/Conversatorio.png\" alt=\"\" width=\"795\" height=\"448\" srcset=\"https:\/\/isfd86-bue.infd.edu.ar\/sitio\/wp-content\/uploads\/2020\/10\/Conversatorio.png 795w, https:\/\/isfd86-bue.infd.edu.ar\/sitio\/wp-content\/uploads\/2020\/10\/Conversatorio-768x433.png 768w\" sizes=\"(max-width: 795px) 100vw, 795px\" \/><\/p>\n<h1>* BASEBALL 5 EN LAS ESCUELAS<\/h1>\n<p><a href=\"https:\/\/drive.google.com\/file\/d\/1u--x4Ghti2SLlGlaVTe6HDMadrQRxGOt\/view?usp=sharing\">Video de charla Baseball 5<\/a><\/p>\n<p><img decoding=\"async\" loading=\"lazy\" class=\"alignnone size-medium wp-image-1783\" src=\"https:\/\/isfd86-bue.infd.edu.ar\/sitio\/wp-content\/uploads\/2020\/09\/WhatsApp-Image-2020-09-14-at-11.45.02-1000x569.jpeg\" alt=\"\" width=\"1000\" height=\"569\" srcset=\"https:\/\/isfd86-bue.infd.edu.ar\/sitio\/wp-content\/uploads\/2020\/09\/WhatsApp-Image-2020-09-14-at-11.45.02-1000x569.jpeg 1000w, https:\/\/isfd86-bue.infd.edu.ar\/sitio\/wp-content\/uploads\/2020\/09\/WhatsApp-Image-2020-09-14-at-11.45.02-768x437.jpeg 768w, https:\/\/isfd86-bue.infd.edu.ar\/sitio\/wp-content\/uploads\/2020\/09\/WhatsApp-Image-2020-09-14-at-11.45.02.jpeg 1080w\" sizes=\"(max-width: 1000px) 100vw, 1000px\" \/><\/p>\n<p>&nbsp;<\/p>\n<h1>* ATLETISMO<\/h1>\n<p><strong>Capacitaci\u00f3n Virtual a cargo de la Profesora y Licenciada Patricia Nadal:<\/strong><\/p>\n<p><a href=\"https:\/\/drive.google.com\/file\/d\/12zbJElbisP_Q7YyCGqDPjJQMv9ymZENH\/view?usp=sharing\">Video de Capacitaci\u00f3n Nadal<\/a><\/p>\n<p><a href=\"https:\/\/isfd86-bue.infd.edu.ar\/sitio\/wp-content\/uploads\/2020\/06\/Zoom-para-la-capacitacion-Nadal.pdf\">Del Patio de la escuela a la lista de Atletismo &#8211; Patricia Nadal.pdf<\/a><\/p>\n<h1>* EDUCACI\u00d3N\u00a0 SEXUAL INTEGRAL y EDUCACI\u00d3N F\u00cdSICA:<\/h1>\n<p><img decoding=\"async\" loading=\"lazy\" class=\"alignnone size-medium wp-image-1652\" src=\"https:\/\/isfd86-bue.infd.edu.ar\/sitio\/wp-content\/uploads\/2020\/06\/IMG-20200610-WA0042-1000x769.jpg\" alt=\"\" width=\"1000\" height=\"769\" srcset=\"https:\/\/isfd86-bue.infd.edu.ar\/sitio\/wp-content\/uploads\/2020\/06\/IMG-20200610-WA0042-1000x769.jpg 1000w, https:\/\/isfd86-bue.infd.edu.ar\/sitio\/wp-content\/uploads\/2020\/06\/IMG-20200610-WA0042-768x591.jpg 768w, https:\/\/isfd86-bue.infd.edu.ar\/sitio\/wp-content\/uploads\/2020\/06\/IMG-20200610-WA0042.jpg 1080w\" sizes=\"(max-width: 1000px) 100vw, 1000px\" \/><\/p>\n<p><a href=\"https:\/\/drive.google.com\/file\/d\/1mhcRMeSSiuKvbSf6dIdyEPDFdiKbeUt1\/view?usp=sharing\">Video Charla La ESI en la Ed. F\u00edsica<\/a><\/p>\n<h1>* F\u00fatbol para jugadores con Par\u00e1lisis Cerebral:<\/h1>\n<p><img decoding=\"async\" loading=\"lazy\" class=\"alignnone size-medium wp-image-1653\" src=\"https:\/\/isfd86-bue.infd.edu.ar\/sitio\/wp-content\/uploads\/2020\/06\/IMG-20200628-WA0000-1000x749.jpg\" alt=\"\" width=\"1000\" height=\"749\" srcset=\"https:\/\/isfd86-bue.infd.edu.ar\/sitio\/wp-content\/uploads\/2020\/06\/IMG-20200628-WA0000-1000x749.jpg 1000w, https:\/\/isfd86-bue.infd.edu.ar\/sitio\/wp-content\/uploads\/2020\/06\/IMG-20200628-WA0000-768x575.jpg 768w, https:\/\/isfd86-bue.infd.edu.ar\/sitio\/wp-content\/uploads\/2020\/06\/IMG-20200628-WA0000.jpg 1080w\" sizes=\"(max-width: 1000px) 100vw, 1000px\" \/><\/p>\n<p><a href=\"https:\/\/drive.google.com\/file\/d\/1Xx2bMfmgn42r2UNwan6svvqhlMP1PUWk\/view?usp=sharing\">Video de charla F\u00fatbol PC<\/a><\/p>\n<p>&nbsp;<\/p>\n","protected":false},"excerpt":{"rendered":"<p>En el marco de festejos de nuestros 30 A\u00f1os abrimos este espacio de socializaci\u00f3n de las actividades realizadas Video de homenaje a los veteranos de guerra y ca\u00eddos en Malvinas. * Conversatorio de la Dra. Stefanelli Sof\u00eda Video Conversatorio libro * Taller de Softbol en la escuela Video Taller de Softbol en la escuela * &#8230; <a title=\"30\u00b0 Aniversario\" class=\"read-more\" href=\"https:\/\/isfd86-bue.infd.edu.ar\/sitio\/30-aniversario\/\" aria-label=\"More on 30\u00b0 Aniversario\">[+]<\/a><\/p>\n","protected":false},"author":2598,"featured_media":0,"parent":0,"menu_order":0,"comment_status":"closed","ping_status":"closed","template":"","meta":[],"acf":[],"_links":{"self":[{"href":"https:\/\/isfd86-bue.infd.edu.ar\/sitio\/wp-json\/wp\/v2\/pages\/1647"}],"collection":[{"href":"https:\/\/isfd86-bue.infd.edu.ar\/sitio\/wp-json\/wp\/v2\/pages"}],"about":[{"href":"https:\/\/isfd86-bue.infd.edu.ar\/sitio\/wp-json\/wp\/v2\/types\/page"}],"author":[{"embeddable":true,"href":"https:\/\/isfd86-bue.infd.edu.ar\/sitio\/wp-json\/wp\/v2\/users\/2598"}],"replies":[{"embeddable":true,"href":"https:\/\/isfd86-bue.infd.edu.ar\/sitio\/wp-json\/wp\/v2\/comments?post=1647"}],"version-history":[{"count":28,"href":"https:\/\/isfd86-bue.infd.edu.ar\/sitio\/wp-json\/wp\/v2\/pages\/1647\/revisions"}],"predecessor-version":[{"id":2292,"href":"https:\/\/isfd86-bue.infd.edu.ar\/sitio\/wp-json\/wp\/v2\/pages\/1647\/revisions\/2292"}],"wp:attachment":[{"href":"https:\/\/isfd86-bue.infd.edu.ar\/sitio\/wp-json\/wp\/v2\/media?parent=1647"}],"curies":[{"name":"wp","href":"https:\/\/api.w.org\/{rel}","templated":true}]}}