{"id":1424,"date":"2019-12-11T15:29:03","date_gmt":"2019-12-11T18:29:03","guid":{"rendered":"https:\/\/isfd86-bue.infd.edu.ar\/sitio\/?page_id=1424"},"modified":"2019-12-11T15:31:07","modified_gmt":"2019-12-11T18:31:07","slug":"capacitaciones-2","status":"publish","type":"page","link":"https:\/\/isfd86-bue.infd.edu.ar\/sitio\/capacitaciones-2\/","title":{"rendered":"Ciclo de Licenciatura"},"content":{"rendered":"<h1 style=\"font-weight: 400; text-align: center;\">Ciclo de Complementaci\u00f3n Curricular de la Licenciatura en Educaci\u00f3n F\u00edsica y Gesti\u00f3n de Emprendimientos Deportivos<\/h1>\n<p><img decoding=\"async\" loading=\"lazy\" class=\"alignnone size-medium wp-image-1427\" src=\"https:\/\/isfd86-bue.infd.edu.ar\/sitio\/wp-content\/uploads\/2019\/12\/Ciclo-de-Lic-2019-1000x581.png\" alt=\"\" width=\"1000\" height=\"581\" srcset=\"https:\/\/isfd86-bue.infd.edu.ar\/sitio\/wp-content\/uploads\/2019\/12\/Ciclo-de-Lic-2019-1000x581.png 1000w, https:\/\/isfd86-bue.infd.edu.ar\/sitio\/wp-content\/uploads\/2019\/12\/Ciclo-de-Lic-2019-768x446.png 768w, https:\/\/isfd86-bue.infd.edu.ar\/sitio\/wp-content\/uploads\/2019\/12\/Ciclo-de-Lic-2019.png 1120w\" sizes=\"(max-width: 1000px) 100vw, 1000px\" \/><\/p>\n<p>Para mayor informaci\u00f3n visitar:<\/p>\n<p style=\"font-weight: 400;\"><a href=\"https:\/\/www.upso.edu.ar\/licenciatura-en-educacion-fisica-y-gestion-de-emprendimientos-deportivos-ciclo-de-complementacion\/\" data-saferedirecturl=\"https:\/\/www.google.com\/url?q=https:\/\/www.upso.edu.ar\/licenciatura-en-educacion-fisica-y-gestion-de-emprendimientos-deportivos-ciclo-de-complementacion\/&amp;source=gmail&amp;ust=1576173796341000&amp;usg=AFQjCNGNPyFDiihwJKxcxf5vzUdcB5vbAw\">https:\/\/www.upso.edu.ar\/licenciatura-en-educacion-fisica-y-gestion-de-emprendimientos-deportivos-ciclo-de-complementacion\/<\/a><\/p>\n<p style=\"font-weight: 400;\">Link de inscripci\u00f3n :<\/p>\n<p style=\"font-weight: 400;\"><a href=\"https:\/\/www.upso.edu.ar\/pasos-a-seguir-para-realizar-la-preinscripion\/\" data-saferedirecturl=\"https:\/\/www.google.com\/url?q=https:\/\/www.upso.edu.ar\/pasos-a-seguir-para-realizar-la-preinscripion\/&amp;source=gmail&amp;ust=1576173796341000&amp;usg=AFQjCNGuFlC0wVzxqzvznAgkTqdX5tlDTg\">https:\/\/www.upso.edu.ar\/pasos-a-seguir-para-realizar-la-preinscripion\/<\/a><\/p>\n<p style=\"font-weight: 400;\">\n","protected":false},"excerpt":{"rendered":"<p>Ciclo de Complementaci\u00f3n Curricular de la Licenciatura en Educaci\u00f3n F\u00edsica y Gesti\u00f3n de Emprendimientos Deportivos Para mayor informaci\u00f3n visitar: https:\/\/www.upso.edu.ar\/licenciatura-en-educacion-fisica-y-gestion-de-emprendimientos-deportivos-ciclo-de-complementacion\/ Link de inscripci\u00f3n : https:\/\/www.upso.edu.ar\/pasos-a-seguir-para-realizar-la-preinscripion\/<\/p>\n","protected":false},"author":2598,"featured_media":0,"parent":0,"menu_order":0,"comment_status":"closed","ping_status":"closed","template":"","meta":[],"acf":[],"_links":{"self":[{"href":"https:\/\/isfd86-bue.infd.edu.ar\/sitio\/wp-json\/wp\/v2\/pages\/1424"}],"collection":[{"href":"https:\/\/isfd86-bue.infd.edu.ar\/sitio\/wp-json\/wp\/v2\/pages"}],"about":[{"href":"https:\/\/isfd86-bue.infd.edu.ar\/sitio\/wp-json\/wp\/v2\/types\/page"}],"author":[{"embeddable":true,"href":"https:\/\/isfd86-bue.infd.edu.ar\/sitio\/wp-json\/wp\/v2\/users\/2598"}],"replies":[{"embeddable":true,"href":"https:\/\/isfd86-bue.infd.edu.ar\/sitio\/wp-json\/wp\/v2\/comments?post=1424"}],"version-history":[{"count":3,"href":"https:\/\/isfd86-bue.infd.edu.ar\/sitio\/wp-json\/wp\/v2\/pages\/1424\/revisions"}],"predecessor-version":[{"id":1430,"href":"https:\/\/isfd86-bue.infd.edu.ar\/sitio\/wp-json\/wp\/v2\/pages\/1424\/revisions\/1430"}],"wp:attachment":[{"href":"https:\/\/isfd86-bue.infd.edu.ar\/sitio\/wp-json\/wp\/v2\/media?parent=1424"}],"curies":[{"name":"wp","href":"https:\/\/api.w.org\/{rel}","templated":true}]}}