{"id":1366,"date":"2019-10-28T09:15:23","date_gmt":"2019-10-28T12:15:23","guid":{"rendered":"https:\/\/isfd86-bue.infd.edu.ar\/sitio\/?page_id=1366"},"modified":"2021-09-16T16:51:46","modified_gmt":"2021-09-16T19:51:46","slug":"ingresantes-2021","status":"publish","type":"page","link":"https:\/\/isfd86-bue.infd.edu.ar\/sitio\/ingresantes-2021\/","title":{"rendered":"Ingresantes 2021"},"content":{"rendered":"<h1>16\/03\/2021<\/h1>\n<p><strong>HACER CLIC EN EL ENLACE PARA DESCARGAR EL CRONOGRAMA:<\/strong><\/p>\n<h2><a href=\"https:\/\/isfd86-bue.infd.edu.ar\/sitio\/wp-content\/uploads\/2021\/03\/CRONOGRAMA-CURSO-INICIAL-VIRTUAL-2021-COMISIONES-ABCD.pptx\">ARCHIVO POWERPOINT &#8211; CRONOGRAMA &#8211; CURSO INICIAL 2021 (VIRTUAL) &#8211; COMISIONES 1\u00baABCD<\/a><\/h2>\n<h1><\/h1>\n<h1>05\/03\/2021<\/h1>\n<h2 style=\"text-align: center;\"><span style=\"color: #333399;\"><strong>INGRESO 2021<\/strong><\/span><\/h2>\n<h2 style=\"text-align: left;\"><strong>INFORMACI\u00d3N IMPORTANTE PARA LOS y LAS ASPIRANTES:<\/strong><\/h2>\n<p style=\"text-align: left;\">Se comunica que, por decisi\u00f3n del <strong>CONSEJO ACAD\u00c9MICO INSTITUCIONAL, NO SE REALIZAR\u00c1 EL SORTEO<\/strong> de vacantes.<br \/>\nDe esta manera la totalidad de los y las inscriptas, con <strong>documentaci\u00f3n entregada en tiempo y forma<\/strong> ingresan directamente.<br \/>\nEl d\u00eda Martes 9 de Marzo se publicar\u00e1 el listado definitivo de ingresantes a\u00f1o 2021<\/p>\n<p style=\"text-align: center;\"><span style=\"color: #800080;\"><strong>\u00a1FELICITACIONES!<\/strong><\/span><\/p>\n<hr>\n<h1 style=\"text-align: center;\"><span style=\"color: #ff0000;\">\u00a1SE INFORMA QUE SE CERR\u00d3 LA INSCRIPCI\u00d3N A TODOS LOS ASPIRANTES A\u00d1O 2021!<\/span><\/h1>\n<hr>\n<h1 style=\"text-align: center;\"><strong><u>INGRESO 2021<\/u><\/strong><\/h1>\n<p>A PARTIR DEL LUNES 2 DE NOVIEMBRE de 2020 LOS INTERESADOS e INTERESADAS PODR\u00c1N ADQUIRIR EL CUADERNILLO PARA EL INGRESANTE.<\/p>\n<p>SEGUIR ESTOS PASOS:<\/p>\n<ul>\n<li>\u00c9l o la interesada depositar\u00e1 $ 200 a la cuenta de Mercado Pago correspondiente a la Asociaci\u00f3n Cooperadora del ISFD 86<\/li>\n<\/ul>\n<p>CVU 0000003100137292541190<\/p>\n<ul>\n<li>Enviar\u00e1 el comprobante de dep\u00f3sito a la siguiente casilla de correo:<\/li>\n<\/ul>\n<p style=\"text-align: center;\"><a href=\"mailto:Isfd86cooperadora@outlook.com\">Isfd86cooperadora@outlook.com<\/a><\/p>\n<p>En el asunto debe decir: SOLICITUD CUADERNILLO<\/p>\n<p>En el cuerpo debe decir: SOLICITO CUADERNILLO PARA EL INGRESANTE 2021<\/p>\n<p>ADJUNTO COMPROBANTE MERCADO PAGO (aclarar qui\u00e9n deposita)<\/p>\n<p>Al pie debe decir:&nbsp; Nombre y Apellido del \/ la solicitante (aspirante al profesorado)<\/p>\n<p>DNI<\/p>\n<p>Celular de contacto<\/p>\n<ul>\n<li>Deber\u00e1 completar el formulario drive con todos los datos solicitados (Ver Instructivo en la imagen).<\/li>\n<\/ul>\n<p>Haciendo clic en el siguiente enlace podr\u00e1 acceder directamente (tambi\u00e9n puede copiar y pegar el mismo):<\/p>\n<p style=\"text-align: center;\"><a href=\"https:\/\/forms.gle\/jQWLFFdbLLt7KxMM9\">https:\/\/forms.gle\/jQWLFFdbLLt7KxMM9<\/a><\/p>\n<p>&nbsp; &nbsp;<img decoding=\"async\" loading=\"lazy\" class=\"alignnone size-medium wp-image-1919\" src=\"https:\/\/isfd86-bue.infd.edu.ar\/sitio\/wp-content\/uploads\/2020\/10\/Instructivo-1-1000x938.jpg\" alt=\"\" width=\"1000\" height=\"938\" srcset=\"https:\/\/isfd86-bue.infd.edu.ar\/sitio\/wp-content\/uploads\/2020\/10\/Instructivo-1-1000x938.jpg 1000w, https:\/\/isfd86-bue.infd.edu.ar\/sitio\/wp-content\/uploads\/2020\/10\/Instructivo-1-768x721.jpg 768w, https:\/\/isfd86-bue.infd.edu.ar\/sitio\/wp-content\/uploads\/2020\/10\/Instructivo-1.jpg 1654w\" sizes=\"(max-width: 1000px) 100vw, 1000px\" \/><\/p>\n<p>4) &nbsp;&nbsp;&nbsp;&nbsp;En el t\u00e9rmino de 72 hs. h\u00e1biles se enviar\u00e1 el cuadernillo numerado en formato PDF<\/p>\n<p><strong>&nbsp;<\/strong><strong>ENCUENTROS INFORMATIVOS VIRTUALES<\/strong><\/p>\n<p>Se realizar\u00e1n 2 encuentros virtuales para los y las aspirantes a ingresar al Profesorado de Educaci\u00f3n F\u00edsica los d\u00edas mi\u00e9rcoles 2 de diciembre de 2020 a las 10:00 hs. y jueves 10 de diciembre de 2020 a las 16:00 hs.<\/p>\n<p>Se realizar\u00e1n por la plataforma de Google Meet. &nbsp;Los enlaces se publicitar\u00e1n por el sitio oficial y las redes sociales institucionales de Facebook e Instagram.<\/p>\n<hr>\n<p><img decoding=\"async\" loading=\"lazy\" class=\"size-medium wp-image-1785 aligncenter\" src=\"https:\/\/isfd86-bue.infd.edu.ar\/sitio\/wp-content\/uploads\/2020\/09\/Flyer-I86-OK-1-707x1000.png\" alt=\"\" width=\"707\" height=\"1000\" srcset=\"https:\/\/isfd86-bue.infd.edu.ar\/sitio\/wp-content\/uploads\/2020\/09\/Flyer-I86-OK-1-707x1000.png 707w, https:\/\/isfd86-bue.infd.edu.ar\/sitio\/wp-content\/uploads\/2020\/09\/Flyer-I86-OK-1-768x1086.png 768w, https:\/\/isfd86-bue.infd.edu.ar\/sitio\/wp-content\/uploads\/2020\/09\/Flyer-I86-OK-1-1343x1900.png 1343w, https:\/\/isfd86-bue.infd.edu.ar\/sitio\/wp-content\/uploads\/2020\/09\/Flyer-I86-OK-1.png 1587w\" sizes=\"(max-width: 707px) 100vw, 707px\" \/><\/p>\n<p><img decoding=\"async\" loading=\"lazy\" class=\"alignnone size-medium wp-image-1787 aligncenter\" src=\"https:\/\/isfd86-bue.infd.edu.ar\/sitio\/wp-content\/uploads\/2020\/09\/Grafica-I86-436x707-OK-1.png\" alt=\"\" width=\"436\" height=\"707\"><\/p>\n<p>&nbsp;<\/p>\n<p><img decoding=\"async\" loading=\"lazy\" class=\"alignnone size-full wp-image-1792\" src=\"https:\/\/isfd86-bue.infd.edu.ar\/sitio\/wp-content\/uploads\/2020\/09\/INGRESO-CICLO-LECTIVO-2021.jpg\" alt=\"\" width=\"960\" height=\"720\" srcset=\"https:\/\/isfd86-bue.infd.edu.ar\/sitio\/wp-content\/uploads\/2020\/09\/INGRESO-CICLO-LECTIVO-2021.jpg 960w, https:\/\/isfd86-bue.infd.edu.ar\/sitio\/wp-content\/uploads\/2020\/09\/INGRESO-CICLO-LECTIVO-2021-768x576.jpg 768w\" sizes=\"(max-width: 960px) 100vw, 960px\" \/><\/p>\n<p>&nbsp;<\/p>\n<p><img decoding=\"async\" loading=\"lazy\" class=\"size-full wp-image-1976 aligncenter\" src=\"https:\/\/isfd86-bue.infd.edu.ar\/sitio\/wp-content\/uploads\/2021\/02\/ingreso-2021-1.jpg\" alt=\"\" width=\"637\" height=\"378\"><\/p>\n<p><iframe loading=\"lazy\" title=\"I.S.F.D. N\u00b086 &quot;Cacique Valent\u00edn Sayhueque&quot; - Dise\u00f1o Curricular del Profesorado de Educaci\u00f3n F\u00edsica\" width=\"1200\" height=\"675\" src=\"https:\/\/www.youtube.com\/embed\/-DhKE-v37MY?feature=oembed\" frameborder=\"0\" allow=\"accelerometer; autoplay; clipboard-write; encrypted-media; gyroscope; picture-in-picture\" allowfullscreen><\/iframe><\/p>\n<p>&nbsp;<\/p>\n<p>&nbsp;<\/p>\n<p><iframe loading=\"lazy\" title=\"I.S.F.D. N\u00b086 - Profesorado de Educaci\u00f3n F\u00edsica\" width=\"1200\" height=\"675\" src=\"https:\/\/www.youtube.com\/embed\/OB5L37_GwqE?start=1&#038;feature=oembed\" frameborder=\"0\" allow=\"accelerometer; autoplay; clipboard-write; encrypted-media; gyroscope; picture-in-picture\" allowfullscreen><\/iframe><\/p>\n<p>&nbsp;<\/p>\n","protected":false},"excerpt":{"rendered":"<p>16\/03\/2021 HACER CLIC EN EL ENLACE PARA DESCARGAR EL CRONOGRAMA: ARCHIVO POWERPOINT &#8211; CRONOGRAMA &#8211; CURSO INICIAL 2021 (VIRTUAL) &#8211; COMISIONES 1\u00baABCD 05\/03\/2021 INGRESO 2021 INFORMACI\u00d3N IMPORTANTE PARA LOS y LAS ASPIRANTES: Se comunica que, por decisi\u00f3n del CONSEJO ACAD\u00c9MICO INSTITUCIONAL, NO SE REALIZAR\u00c1 EL SORTEO de vacantes. De esta manera la totalidad de los &#8230; <a title=\"Ingresantes 2021\" class=\"read-more\" href=\"https:\/\/isfd86-bue.infd.edu.ar\/sitio\/ingresantes-2021\/\" aria-label=\"More on Ingresantes 2021\">[+]<\/a><\/p>\n","protected":false},"author":2313,"featured_media":0,"parent":0,"menu_order":0,"comment_status":"closed","ping_status":"closed","template":"","meta":[],"acf":[],"_links":{"self":[{"href":"https:\/\/isfd86-bue.infd.edu.ar\/sitio\/wp-json\/wp\/v2\/pages\/1366"}],"collection":[{"href":"https:\/\/isfd86-bue.infd.edu.ar\/sitio\/wp-json\/wp\/v2\/pages"}],"about":[{"href":"https:\/\/isfd86-bue.infd.edu.ar\/sitio\/wp-json\/wp\/v2\/types\/page"}],"author":[{"embeddable":true,"href":"https:\/\/isfd86-bue.infd.edu.ar\/sitio\/wp-json\/wp\/v2\/users\/2313"}],"replies":[{"embeddable":true,"href":"https:\/\/isfd86-bue.infd.edu.ar\/sitio\/wp-json\/wp\/v2\/comments?post=1366"}],"version-history":[{"count":37,"href":"https:\/\/isfd86-bue.infd.edu.ar\/sitio\/wp-json\/wp\/v2\/pages\/1366\/revisions"}],"predecessor-version":[{"id":2478,"href":"https:\/\/isfd86-bue.infd.edu.ar\/sitio\/wp-json\/wp\/v2\/pages\/1366\/revisions\/2478"}],"wp:attachment":[{"href":"https:\/\/isfd86-bue.infd.edu.ar\/sitio\/wp-json\/wp\/v2\/media?parent=1366"}],"curies":[{"name":"wp","href":"https:\/\/api.w.org\/{rel}","templated":true}]}}